{"id":116,"date":"2018-09-05T15:15:12","date_gmt":"2018-09-05T13:15:12","guid":{"rendered":"http:\/\/harasdumille.com\/harasdumille.com\/WP\/?page_id=116"},"modified":"2024-09-11T15:20:56","modified_gmt":"2024-09-11T13:20:56","slug":"pension","status":"publish","type":"page","link":"http:\/\/harasdumille.com\/index.php\/pension\/","title":{"rendered":"Pension pour chevaux"},"content":{"rendered":"<h1 dir=\"auto\">Pension \u00e9questre au Haras du Mille \u00e0 Pfaffenhoffen.<\/h1>\n<h2 dir=\"auto\">Des boxes sont disponibles au Haras du Mille \u00e0 partir de 380\u20ac \/mois.<\/h2>\n<div dir=\"auto\">Pension de base avec liti\u00e8re sur paille, foin 2 x par jour et granules 3 x par jour \u00e0 partir de 380 \u20ac\/ mois.<\/div>\n<div dir=\"auto\">\n<div class=\"o9v6fnle cxmmr5t8 oygrvhab hcukyx3x c1et5uql ii04i59q\">\n<div dir=\"auto\"><\/div>\n<div dir=\"auto\"><span style=\"text-decoration: underline;\"><strong>A votre disposition:<\/strong><\/span><\/div>\n<ul>\n<li style=\"list-style-type: none;\">\n<ul>\n<li>Man\u00e8ge en sable fibr\u00e9 terra tex<\/li>\n<li>Carri\u00e8re en micro sable 70&#215;60 avec \u00e9quipement d&rsquo;entrainement de Cso<\/li>\n<li>Tapis de marche en optionPaddocks en herbe printemps \/ \u00e9t\u00e9.<\/li>\n<li>Paddocks stabilis\u00e9s en dehors de ces p\u00e9riodes<\/li>\n<li>Casier individuels<\/li>\n<li>Club house climatis\u00e9 avec vu sur les aires d&rsquo;\u00e9volution.<\/li>\n<li>Aires de pansage avec solarium (en option )<\/li>\n<\/ul>\n<\/li>\n<\/ul>\n<ul>\n<li dir=\"auto\">Douche chevaux \u00e0 l&rsquo;eau chaude<\/li>\n<\/ul>\n<\/div>\n<div dir=\"auto\"><\/div>\n<div dir=\"auto\"><strong>CONTACT : <\/strong><a href=\"tel:0683840576\"><strong>06 83 84 05 76<\/strong><\/a><\/div>\n<\/div>\n<div dir=\"auto\"><\/div>\n<div dir=\"auto\">\n<div dir=\"auto\"><\/div>\n<\/div>\n<p><img loading=\"lazy\" class=\"alignleft wp-image-228 size-full\" src=\"http:\/\/harasdumille.com\/harasdumille.com\/WP\/wp-content\/uploads\/2018\/09\/ecuire-2.jpg\" alt=\"\" width=\"414\" height=\"275\" srcset=\"http:\/\/harasdumille.com\/wp-content\/uploads\/2018\/09\/ecuire-2.jpg 414w, http:\/\/harasdumille.com\/wp-content\/uploads\/2018\/09\/ecuire-2-300x199.jpg 300w\" sizes=\"(max-width: 414px) 100vw, 414px\" \/><\/p>\n<p>Le Haras du Mille vous propose la prise en Pension de votre cheval<\/p>\n<p>Le tarif de pension \u00e9questre est <strong>de 410 \u20ac par mois<\/strong> avec foin 2 fois par jour et granul\u00e9s 3 fois par jour.<\/p>\n<p><strong>Acc\u00e8s \u00e0 toutes les installations: Man\u00e8ge, carri\u00e8re.<\/strong><\/p>\n<p><strong>Paddocks individuels.<\/strong><\/p>\n<p>Nombreuses ballades \u00e0 proximit\u00e9.<\/p>\n<p>Pour votre confort: Club House, <b>Sellerie s\u00e9curis\u00e9e avec casier personnel<\/b>, terrasse avec vue panoramique<\/p>\n<p>Possibilit\u00e9 de prendre des cours collectifs ou particuliers avec cavali\u00e8re professionnelle.<\/p>\n<h3>En option:<\/h3>\n<ul>\n<li>Sortie quotidienne au pr\u00e9<\/li>\n<li>Nourriture alternative<\/li>\n<li>Solarium<\/li>\n<li>Diff\u00e9rentes formules de travail de votre cheval<\/li>\n<\/ul>\n<p>Pour les comp\u00e9titeurs amateur ou club, nous vous pr\u00e9parons et vous accompagnons en concours : coaching et entrainement assur\u00e9s si besoin.<\/p>\n<p>Ambiance agr\u00e9able et progression assur\u00e9es !<\/p>\n<h3><img loading=\"lazy\" class=\" wp-image-229 alignright\" src=\"http:\/\/harasdumille.com\/harasdumille.com\/WP\/wp-content\/uploads\/2018\/09\/ecurie-1-300x225.jpg\" alt=\"\" width=\"287\" height=\"215\" \/><span style=\"color: #333300;\">TARIFS PENSION \u00c9QUESTRE\u00a02023\/2024 (mensuel)<\/span><\/h3>\n<ul>\n<li>Pension de Base sur paille \u00a0avec foin 2 fois par jour et granul\u00e9s 3 x par jour: <strong>410 \u20ac par mois<\/strong><\/li>\n<li>Sortie au pr\u00e9 5x par semaine : 3<strong>0\u20ac par mois\u00a0<\/strong><\/li>\n<li>Travail du Cheval 2 x par semaine : <strong>200 \u20ac par mois<\/strong><\/li>\n<li>Mise au marcheur 2 x par semaine :\u00a0<strong>50\u20ac par mois<\/strong><\/li>\n<li>Assistance V\u00e9t\u00e9rinaire \/ soins (1h) : <strong>30\u20ac l&rsquo;heure<\/strong><\/li>\n<li>Autre alimentation: <strong>nous consulter<\/strong><\/li>\n<li>Cotisation annuelle: <strong>124 \u20ac<\/strong><\/li>\n<li>Cours \u00e0 l&rsquo;unit\u00e9: <strong>28 \u20ac pour les mineurs, 30 \u20ac pour les adultes<\/strong><\/li>\n<li>Carte de 5 cours :\u00a0<strong>110 \u20ac pour les mineurs, 125 \u20ac pour les adultes<\/strong><\/li>\n<li>Cours particuliers: <strong>40 \u20ac ou 165 \u20ac les 5 heures<\/strong><\/li>\n<li><span style=\"text-decoration: underline;\"><strong><span style=\"color: #ff0000; text-decoration: underline;\">Les prestations pay\u00e9es sont valables 6 mois (hors forfait annuel)\u00a0<\/span><\/strong><\/span><\/li>\n<\/ul>\n<h3 style=\"text-align: center;\">Pour plus de renseignements, conna\u00eetre la disponibilit\u00e9 de nos boxes, contactez nous par <a href=\"http:\/\/harasdumille.com\/harasdumille.com\/WP\/index.php\/contact\/\">t\u00e9l\u00e9phone<\/a> ou par <a href=\"http:\/\/harasdumille.com\/harasdumille.com\/WP\/index.php\/contact\/\">email<\/a>. Nous aurons plaisir \u00e0 vous r\u00e9pondre et \u00e0 vous faire d\u00e9couvrir nos installations pour la pension \u00e9questre.<\/h3>\n\n\t\t<style type=\"text\/css\">\n\t\t\t#gallery-1 {\n\t\t\t\tmargin: auto;\n\t\t\t}\n\t\t\t#gallery-1 .gallery-item {\n\t\t\t\tfloat: left;\n\t\t\t\tmargin-top: 10px;\n\t\t\t\ttext-align: center;\n\t\t\t\twidth: 33%;\n\t\t\t}\n\t\t\t#gallery-1 img {\n\t\t\t\tborder: 2px solid #cfcfcf;\n\t\t\t}\n\t\t\t#gallery-1 .gallery-caption {\n\t\t\t\tmargin-left: 0;\n\t\t\t}\n\t\t\t\/* see gallery_shortcode() in wp-includes\/media.php *\/\n\t\t<\/style>\n\t\t<div id='gallery-1' class='gallery galleryid-116 gallery-columns-3 gallery-size-thumbnail'><dl class='gallery-item'>\n\t\t\t<dt class='gallery-icon portrait'>\n\t\t\t\t<a href='http:\/\/harasdumille.com\/harasdumille9\/'><img width=\"150\" height=\"150\" src=\"http:\/\/harasdumille.com\/wp-content\/uploads\/2018\/09\/harasdumille9-150x150.jpg\" class=\"attachment-thumbnail size-thumbnail\" alt=\"centre \u00e9questre haguenau\" loading=\"lazy\" \/><\/a>\n\t\t\t<\/dt><\/dl><dl class='gallery-item'>\n\t\t\t<dt class='gallery-icon portrait'>\n\t\t\t\t<a href='http:\/\/harasdumille.com\/harasdumille3\/'><img width=\"150\" height=\"150\" src=\"http:\/\/harasdumille.com\/wp-content\/uploads\/2018\/09\/harasdumille3-150x150.jpg\" class=\"attachment-thumbnail size-thumbnail\" alt=\"cours d&#039;\u00e9quitation haguenau\" loading=\"lazy\" \/><\/a>\n\t\t\t<\/dt><\/dl><dl class='gallery-item'>\n\t\t\t<dt class='gallery-icon landscape'>\n\t\t\t\t<a href='http:\/\/harasdumille.com\/dsc_0120\/'><img width=\"150\" height=\"150\" src=\"http:\/\/harasdumille.com\/wp-content\/uploads\/2018\/09\/DSC_0120-150x150.jpg\" class=\"attachment-thumbnail size-thumbnail\" alt=\"Centre \u00e9questre Haguenau\" loading=\"lazy\" \/><\/a>\n\t\t\t<\/dt><\/dl><br style=\"clear: both\" \/><dl class='gallery-item'>\n\t\t\t<dt class='gallery-icon landscape'>\n\t\t\t\t<a href='http:\/\/harasdumille.com\/index.php\/pension\/dsc_0117\/'><img width=\"150\" height=\"150\" src=\"http:\/\/harasdumille.com\/wp-content\/uploads\/2018\/09\/DSC_0117-150x150.jpg\" class=\"attachment-thumbnail size-thumbnail\" alt=\"\" loading=\"lazy\" \/><\/a>\n\t\t\t<\/dt><\/dl><dl class='gallery-item'>\n\t\t\t<dt class='gallery-icon landscape'>\n\t\t\t\t<a href='http:\/\/harasdumille.com\/index.php\/pension\/solarium\/'><img width=\"150\" height=\"150\" src=\"http:\/\/harasdumille.com\/wp-content\/uploads\/2018\/09\/solarium-150x150.jpg\" class=\"attachment-thumbnail size-thumbnail\" alt=\"\" loading=\"lazy\" \/><\/a>\n\t\t\t<\/dt><\/dl><dl class='gallery-item'>\n\t\t\t<dt class='gallery-icon landscape'>\n\t\t\t\t<a href='http:\/\/harasdumille.com\/index.php\/pension\/ecurie-1\/'><img width=\"150\" height=\"150\" src=\"http:\/\/harasdumille.com\/wp-content\/uploads\/2018\/09\/ecurie-1-150x150.jpg\" class=\"attachment-thumbnail size-thumbnail\" alt=\"\" loading=\"lazy\" \/><\/a>\n\t\t\t<\/dt><\/dl><br style=\"clear: both\" \/><dl class='gallery-item'>\n\t\t\t<dt class='gallery-icon landscape'>\n\t\t\t\t<a href='http:\/\/harasdumille.com\/index.php\/pension\/carriere-1\/'><img width=\"150\" height=\"150\" src=\"http:\/\/harasdumille.com\/wp-content\/uploads\/2018\/09\/carri\u00e8re-1-150x150.jpg\" class=\"attachment-thumbnail size-thumbnail\" alt=\"\" loading=\"lazy\" \/><\/a>\n\t\t\t<\/dt><\/dl><dl class='gallery-item'>\n\t\t\t<dt class='gallery-icon portrait'>\n\t\t\t\t<a href='http:\/\/harasdumille.com\/index.php\/pension\/manege-2\/'><img width=\"150\" height=\"150\" src=\"http:\/\/harasdumille.com\/wp-content\/uploads\/2018\/09\/man\u00e8ge-2-150x150.jpg\" class=\"attachment-thumbnail size-thumbnail\" alt=\"\" loading=\"lazy\" \/><\/a>\n\t\t\t<\/dt><\/dl><dl class='gallery-item'>\n\t\t\t<dt class='gallery-icon landscape'>\n\t\t\t\t<a href='http:\/\/harasdumille.com\/index.php\/ecurie\/carriere-exterieure-hdm\/'><img width=\"150\" height=\"150\" src=\"http:\/\/harasdumille.com\/wp-content\/uploads\/2018\/08\/CARRIERE-EXTERIEURE-HDM-150x150.jpg\" class=\"attachment-thumbnail size-thumbnail\" alt=\"Centre Equestre Haras du Mille Poney Club\" loading=\"lazy\" \/><\/a>\n\t\t\t<\/dt><\/dl><br style=\"clear: both\" \/>\n\t\t<\/div>\n\n","protected":false},"excerpt":{"rendered":"<p>Pension \u00e9questre au Haras du Mille \u00e0 Pfaffenhoffen. Des boxes sont disponibles au Haras du Mille \u00e0 partir de 380\u20ac \/mois. Pension de base avec liti\u00e8re sur paille, foin 2 x par jour et granules 3 x par jour \u00e0 partir de 380 \u20ac\/ mois. A votre disposition: Man\u00e8ge en<a href=\"http:\/\/harasdumille.com\/index.php\/pension\/\" class=\"read-more\">Read More<\/a><\/p>\n","protected":false},"author":1,"featured_media":0,"parent":0,"menu_order":0,"comment_status":"closed","ping_status":"closed","template":"","meta":[],"yoast_head":"<!-- This site is optimized with the Yoast SEO plugin v17.0 - https:\/\/yoast.com\/wordpress\/plugins\/seo\/ -->\n<title>Pension pour chevaux - Haras du Mille Centre \u00e9questre<\/title>\n<meta name=\"robots\" content=\"index, follow, max-snippet:-1, max-image-preview:large, max-video-preview:-1\" \/>\n<link rel=\"canonical\" href=\"http:\/\/harasdumille.com\/index.php\/pension\/\" \/>\n<meta property=\"og:locale\" content=\"fr_FR\" \/>\n<meta property=\"og:type\" content=\"article\" \/>\n<meta property=\"og:title\" content=\"Pension pour chevaux - Haras du Mille Centre \u00e9questre\" \/>\n<meta property=\"og:description\" content=\"Pension \u00e9questre au Haras du Mille \u00e0 Pfaffenhoffen. Des boxes sont disponibles au Haras du Mille \u00e0 partir de 380\u20ac \/mois. Pension de base avec liti\u00e8re sur paille, foin 2 x par jour et granules 3 x par jour \u00e0 partir de 380 \u20ac\/ mois. A votre disposition: Man\u00e8ge enRead More\" \/>\n<meta property=\"og:url\" content=\"http:\/\/harasdumille.com\/index.php\/pension\/\" \/>\n<meta property=\"og:site_name\" content=\"Haras du Mille Centre \u00e9questre\" \/>\n<meta property=\"article:modified_time\" content=\"2024-09-11T13:20:56+00:00\" \/>\n<meta property=\"og:image\" content=\"http:\/\/harasdumille.com\/wp-content\/uploads\/2018\/09\/harasdumille9-150x150.jpg\" \/>\n<meta name=\"twitter:card\" content=\"summary_large_image\" \/>\n<meta name=\"twitter:label1\" content=\"Dur\u00e9e de lecture est.\" \/>\n\t<meta name=\"twitter:data1\" content=\"3 minutes\" \/>\n<script type=\"application\/ld+json\" class=\"yoast-schema-graph\">{\"@context\":\"https:\/\/schema.org\",\"@graph\":[{\"@type\":\"WebSite\",\"@id\":\"http:\/\/harasdumille.com\/#website\",\"url\":\"http:\/\/harasdumille.com\/\",\"name\":\"Haras du Mille Centre \\u00e9questre\",\"description\":\"\",\"potentialAction\":[{\"@type\":\"SearchAction\",\"target\":{\"@type\":\"EntryPoint\",\"urlTemplate\":\"http:\/\/harasdumille.com\/?s={search_term_string}\"},\"query-input\":\"required name=search_term_string\"}],\"inLanguage\":\"fr-FR\"},{\"@type\":\"ImageObject\",\"@id\":\"http:\/\/harasdumille.com\/index.php\/pension\/#primaryimage\",\"inLanguage\":\"fr-FR\",\"url\":\"http:\/\/harasdumille.com\/harasdumille.com\/WP\/wp-content\/uploads\/2018\/09\/ecuire-2.jpg\",\"contentUrl\":\"http:\/\/harasdumille.com\/harasdumille.com\/WP\/wp-content\/uploads\/2018\/09\/ecuire-2.jpg\"},{\"@type\":\"WebPage\",\"@id\":\"http:\/\/harasdumille.com\/index.php\/pension\/#webpage\",\"url\":\"http:\/\/harasdumille.com\/index.php\/pension\/\",\"name\":\"Pension pour chevaux - Haras du Mille Centre \\u00e9questre\",\"isPartOf\":{\"@id\":\"http:\/\/harasdumille.com\/#website\"},\"primaryImageOfPage\":{\"@id\":\"http:\/\/harasdumille.com\/index.php\/pension\/#primaryimage\"},\"datePublished\":\"2018-09-05T13:15:12+00:00\",\"dateModified\":\"2024-09-11T13:20:56+00:00\",\"breadcrumb\":{\"@id\":\"http:\/\/harasdumille.com\/index.php\/pension\/#breadcrumb\"},\"inLanguage\":\"fr-FR\",\"potentialAction\":[{\"@type\":\"ReadAction\",\"target\":[\"http:\/\/harasdumille.com\/index.php\/pension\/\"]}]},{\"@type\":\"BreadcrumbList\",\"@id\":\"http:\/\/harasdumille.com\/index.php\/pension\/#breadcrumb\",\"itemListElement\":[{\"@type\":\"ListItem\",\"position\":1,\"name\":\"Accueil\",\"item\":\"http:\/\/harasdumille.com\/\"},{\"@type\":\"ListItem\",\"position\":2,\"name\":\"Pension pour chevaux\"}]}]}<\/script>\n<!-- \/ Yoast SEO plugin. -->","yoast_head_json":{"title":"Pension pour chevaux - Haras du Mille Centre \u00e9questre","robots":{"index":"index","follow":"follow","max-snippet":"max-snippet:-1","max-image-preview":"max-image-preview:large","max-video-preview":"max-video-preview:-1"},"canonical":"http:\/\/harasdumille.com\/index.php\/pension\/","og_locale":"fr_FR","og_type":"article","og_title":"Pension pour chevaux - Haras du Mille Centre \u00e9questre","og_description":"Pension \u00e9questre au Haras du Mille \u00e0 Pfaffenhoffen. Des boxes sont disponibles au Haras du Mille \u00e0 partir de 380\u20ac \/mois. Pension de base avec liti\u00e8re sur paille, foin 2 x par jour et granules 3 x par jour \u00e0 partir de 380 \u20ac\/ mois. A votre disposition: Man\u00e8ge enRead More","og_url":"http:\/\/harasdumille.com\/index.php\/pension\/","og_site_name":"Haras du Mille Centre \u00e9questre","article_modified_time":"2024-09-11T13:20:56+00:00","og_image":[{"url":"http:\/\/harasdumille.com\/wp-content\/uploads\/2018\/09\/harasdumille9-150x150.jpg"}],"twitter_card":"summary_large_image","twitter_misc":{"Dur\u00e9e de lecture est.":"3 minutes"},"schema":{"@context":"https:\/\/schema.org","@graph":[{"@type":"WebSite","@id":"http:\/\/harasdumille.com\/#website","url":"http:\/\/harasdumille.com\/","name":"Haras du Mille Centre \u00e9questre","description":"","potentialAction":[{"@type":"SearchAction","target":{"@type":"EntryPoint","urlTemplate":"http:\/\/harasdumille.com\/?s={search_term_string}"},"query-input":"required name=search_term_string"}],"inLanguage":"fr-FR"},{"@type":"ImageObject","@id":"http:\/\/harasdumille.com\/index.php\/pension\/#primaryimage","inLanguage":"fr-FR","url":"http:\/\/harasdumille.com\/harasdumille.com\/WP\/wp-content\/uploads\/2018\/09\/ecuire-2.jpg","contentUrl":"http:\/\/harasdumille.com\/harasdumille.com\/WP\/wp-content\/uploads\/2018\/09\/ecuire-2.jpg"},{"@type":"WebPage","@id":"http:\/\/harasdumille.com\/index.php\/pension\/#webpage","url":"http:\/\/harasdumille.com\/index.php\/pension\/","name":"Pension pour chevaux - Haras du Mille Centre \u00e9questre","isPartOf":{"@id":"http:\/\/harasdumille.com\/#website"},"primaryImageOfPage":{"@id":"http:\/\/harasdumille.com\/index.php\/pension\/#primaryimage"},"datePublished":"2018-09-05T13:15:12+00:00","dateModified":"2024-09-11T13:20:56+00:00","breadcrumb":{"@id":"http:\/\/harasdumille.com\/index.php\/pension\/#breadcrumb"},"inLanguage":"fr-FR","potentialAction":[{"@type":"ReadAction","target":["http:\/\/harasdumille.com\/index.php\/pension\/"]}]},{"@type":"BreadcrumbList","@id":"http:\/\/harasdumille.com\/index.php\/pension\/#breadcrumb","itemListElement":[{"@type":"ListItem","position":1,"name":"Accueil","item":"http:\/\/harasdumille.com\/"},{"@type":"ListItem","position":2,"name":"Pension pour chevaux"}]}]}},"_links":{"self":[{"href":"http:\/\/harasdumille.com\/index.php\/wp-json\/wp\/v2\/pages\/116"}],"collection":[{"href":"http:\/\/harasdumille.com\/index.php\/wp-json\/wp\/v2\/pages"}],"about":[{"href":"http:\/\/harasdumille.com\/index.php\/wp-json\/wp\/v2\/types\/page"}],"author":[{"embeddable":true,"href":"http:\/\/harasdumille.com\/index.php\/wp-json\/wp\/v2\/users\/1"}],"replies":[{"embeddable":true,"href":"http:\/\/harasdumille.com\/index.php\/wp-json\/wp\/v2\/comments?post=116"}],"version-history":[{"count":14,"href":"http:\/\/harasdumille.com\/index.php\/wp-json\/wp\/v2\/pages\/116\/revisions"}],"predecessor-version":[{"id":778,"href":"http:\/\/harasdumille.com\/index.php\/wp-json\/wp\/v2\/pages\/116\/revisions\/778"}],"wp:attachment":[{"href":"http:\/\/harasdumille.com\/index.php\/wp-json\/wp\/v2\/media?parent=116"}],"curies":[{"name":"wp","href":"https:\/\/api.w.org\/{rel}","templated":true}]}}