{"id":113,"date":"2018-09-05T15:15:12","date_gmt":"2018-09-05T13:15:12","guid":{"rendered":"http:\/\/harasdumille.com\/harasdumille.com\/WP\/?page_id=113"},"modified":"2024-09-11T15:24:52","modified_gmt":"2024-09-11T13:24:52","slug":"poney-club","status":"publish","type":"page","link":"https:\/\/harasdumille.com\/index.php\/poney-club\/","title":{"rendered":"PONEY CLUB"},"content":{"rendered":"\n<h2>Le planning du poney club 2024\/2025 du Centre \u00e9questre Haras du Mille<\/h2>\n\n\n\n<hr class=\"wp-block-separator\"\/>\n\n\n\n<p>Nous avons le plaisir de vous pr\u00e9senter notre planning 2024\/2025 des cours de votre centre \u00e9questre \u00e0 Pfaffenhoffen. Nous vous accueillons sur ces horaires pour des cours d&rsquo;\u00e9quitation de d\u00e9butant \u00e0 Galop 9. <\/p>\n\n\n\n<p>Dans le cas o\u00f9 vous auriez des demandes d&rsquo;informations que vous jugerez compl\u00e9mentaires, vous pouvez nous <a href=\"http:\/\/harasdumille.com\/index.php\/contact\/\">contacter par t\u00e9l\u00e9phone directement ou via notre formulaire de contact. <\/a><\/p>\n\n\n\n<p>Notre \u00e9cole d&rsquo;\u00e9quitation est labellis\u00e9e par la FFE et nos moniteurs d&rsquo;\u00e9quitation sont tous dipl\u00f4m\u00e9s pour assurer \u00e0 vos enfants la meilleure des p\u00e9dagogies. <\/p>\n\n\n\n<p>A tr\u00e8s bient\u00f4t, <\/p>\n\n\n\n<p>Toute l&rsquo;\u00e9quipe du Haras du Mille. <\/p>\n\n\n\n<h3>Calendrier des cours d&rsquo;\u00e9quitation au centre \u00e9questre de Pfaffenhoffen, le Haras du Mille<\/h3>\n\n\n\n<p>D\u00e9couvrez le nouveau planning des cours d\u2019\u00e9quitation dans votre centre \u00e9questre Haras du Mille \u00e0 Pfaffenhoffen.&nbsp;<\/p>\n\n\n\n<p>Pour cette nouvelle ann\u00e9e nous vous proposons trois nouveaut\u00e9s&nbsp;:&nbsp;<\/p>\n\n\n\n<ul><li>le cours de baby poney le mardi de 17h30 \u00e0 18:30 sans engagement 15\u20ac (75\u20ac les 5 s\u00e9ances)<\/li><li>le cours de baby poney le vendredi de 16:45  \u00e0 17:45 sans engagement 15\u20ac (75\u20ac les 5 s\u00e9ances)<\/li><li>le cours de baby poney le samedi de 10h00 \u00e0 11h00 sans engagement 15\u20ac(75\u20ac les 5 s\u00e9ances)<\/li><li>les cours adultes tout niveau le vendredi de 18:45 \u00e0 19h45 \u00e0 partir de 22 \u20ac (sans abonnement annuel).\u00a0<\/li><\/ul>\n\n\n\n<p>Pour les nouveaux clients nous vous proposons une offre d\u00e9couverte de 3 s\u00e9ances d\u2019\u00e9quitation \u00e0 60 \u20ac pour d\u00e9couvrir l\u2019\u00e9quitation. Apr\u00e8s ces 3 s\u00e9ances d\u2019\u00e9quitation vous aurez le choix de prendre, ou non, un abonnement \u00e0 l\u2019ann\u00e9e.\u00a0<\/p>\n\n\n\n<p><strong>Lundi : Ferm\u00e9<\/strong><\/p>\n\n\n\n<p><strong>Mardi<\/strong> :&nbsp;<\/p>\n\n\n\n<ul><li>09h00 &#8211; 12h00 : scolaires<\/li><li>13h00 \u00e0 17h00 Le\u00e7ons Particuli\u00e8res sur demande uniquement<\/li><li>17h00 \u00e0 18h30 : scolaires<\/li><li>Cours Adultes : 18h30 &#8211; 19h30 &#8211; cours d\u00e9butants &#8211; inscriptions sms \/ t\u00e9l&nbsp;<\/li><\/ul>\n\n\n\n<p><strong>Mercredi<\/strong> :&nbsp;<\/p>\n\n\n\n<ul><li>10h00-11h00 : Baby Poney<\/li><li>11h00 &#8211; 12H00 : D\u00e9butants<\/li><li>13h00-14h00 : Galop 4<\/li><li>14h00-15h00 : Galop 1<\/li><li>15h00-16h00 : Galop 5 et +<\/li><li>16h00-17h00 : Galop 2 et 3<\/li><li>17h00-18h00 : comp\u00e9tition Lamotte<\/li><\/ul>\n\n\n\n<p><strong>Jeudi &amp; Vendredi matin <\/strong>: Le\u00e7ons Particuli\u00e8res sur demande uniquement<\/p>\n\n\n\n<p><strong>Samedi<\/strong> :&nbsp;<\/p>\n\n\n\n<ul><li>9h00 &#8211; 10h00 : comp\u00e9tition amateurs<\/li><li>10h &#8211; 11h : Baby Poney<\/li><li>11h &#8211; 12h : Adultes<\/li><li>13h00-14h00 : D\u00e9butants<\/li><li>14h00-15h00 : Galop 5 et +<\/li><li>15h00-16h00 : Galop 1<\/li><li>16h00-17h00 : Galop 3 et 4<\/li><li>17h00-18h00 : Galop 2<\/li><\/ul>\n\n\n\n<p><strong>Dimanche<\/strong> : Concours et activit\u00e9s diverses<\/p>\n\n\n\n<blockquote class=\"wp-block-quote\"><p>Le Baby Poney se fait sur inscription par t\u00e9l\u00e9phone ou message : <a href=\"tel:0683840576\">06 83 84 05 76<\/a><\/p><\/blockquote>\n\n\n\n<p>Aur\u00e9lie et Fran\u00e7ois sont \u00e0 votre disposition par t\u00e9l\u00e9phone au <a href=\"tel:0683840576\">06.83.84.05.76<\/a> &#8211; <a href=\"tel:0681934264\">06.81.93.42.64<\/a> ou par Message Priv\u00e9 sur notre page Facebook, ou encore par email&nbsp;<a href=\"mailto:contact@harasdumille.com\">contact@harasdumille.com<\/a>.<\/p>\n\n\n\n<p>Notre centre \u00e9questre se trouve, Route de Schalkendorf, \u00e0 Pfaffenhoffen, nous sommes ouverts du mardi au dimanche.&nbsp;<\/p>\n\n\n\n<p>Des le\u00e7ons particuli\u00e8res d\u2019\u00e9quitation sont possibles sur demande uniquement. N\u2019h\u00e9sitez pas \u00e0 nous contacter, pour en savoir plus.&nbsp;<\/p>\n\n\n\n<div class=\"wp-block-image\"><figure class=\"alignleft\"><img loading=\"lazy\" width=\"130\" height=\"114\" src=\"http:\/\/harasdumille.com\/harasdumille.com\/WP\/wp-content\/uploads\/2018\/09\/Label-EFE_listitem_no_crop.jpg\" alt=\"\" class=\"wp-image-187\"\/><\/figure><\/div>\n\n\n\n<h2>LE HARAS DU MILLE : CENTRE \u00c9QUESTRE LABELLIS\u00c9 PAR LA F\u00c9D\u00c9RATION FRAN\u00c7AISE D&rsquo;\u00c9QUITATION<\/h2>\n\n\n\n<p>Le Haras du Mille est depuis 2011 labellis\u00e9 par la F\u00e9d\u00e9ration Fran\u00e7aise d&rsquo;\u00e9quitation. Pour cela, le Haras du Mille respecte un cahier des charges concernant les aspects de s\u00e9curit\u00e9, de p\u00e9dagogie, de qualit\u00e9 et de dressage des \u00e9quid\u00e9s.<\/p>\n\n\n\n<p>C&rsquo;est ainsi que nous mettons tout en oeuvre quotidiennement pour&nbsp;permettre \u00e0 nos clients de profiter pleinement du temps pass\u00e9 au sein du Haras du Mille.<\/p>\n\n\n\n<h3>QUELS SONT LES ENGAGEMENTS QUALIT\u00c9 des Ecoles Fran\u00e7aises d\u2019Equitation, dont fait partie le centre \u00e9questre Haras du Mille \u00e0 Pfaffenhoffen ?<\/h3>\n\n\n\n<ul class=\"margebottom\"><li>Un accueil organis\u00e9 et attentif<\/li><li>Des structures d\u2019activit\u00e9s adapt\u00e9es<\/li><li>Des poneys et chevaux bien trait\u00e9s<\/li><li>Des intervenants qualifi\u00e9s et dipl\u00f4m\u00e9s<\/li><li>Un projet p\u00e9dagogique adapt\u00e9<\/li><li>Une prise en compte professionnelle de votre s\u00e9curit\u00e9<\/li><\/ul>\n\n\n\n<p>Retrouvez les tarifs des cours du Poney Club sur notre page <a href=\"http:\/\/harasdumille.com\/harasdumille.com\/WP\/index.php\/tarifs\/\">Tarifs<\/a>.<\/p>\n\n\n\n<p>De plus, nous mettons un point d&rsquo;honneur \u00e0 accueillir les enfants au Haras du Mille. De ce fait, nous mettons tout en oeuvre pour leur offrir une p\u00e9dagogie de qualit\u00e9 autour du respect de l&rsquo;autre et de l&rsquo;animal. Enfin, nous souhaitons leur offrir la possibilit\u00e9 de s&rsquo;\u00e9panouir dans la pratique du cheval et l&rsquo;apprentissage des valeurs telles que le respect, l&rsquo;entraide et l&rsquo;amiti\u00e9.<\/p>\n\n\n\n<p>Nous aurons plaisir \u00e0 vous accueillir sur place. Vous pouvez nous poser toutes vos questions par <a href=\"http:\/\/harasdumille.com\/harasdumille.com\/WP\/index.php\/contact\/\">mail<\/a> ou par <a href=\"http:\/\/harasdumille.com\/harasdumille.com\/WP\/index.php\/contact\/\">t\u00e9l\u00e9phone<\/a>.<\/p>\n\n\n\n<p><\/p>\n","protected":false},"excerpt":{"rendered":"<p>Le planning du poney club 2024\/2025 du Centre \u00e9questre Haras du Mille Nous avons le plaisir de vous pr\u00e9senter notre planning 2024\/2025 des cours de votre centre \u00e9questre \u00e0 Pfaffenhoffen. Nous vous accueillons sur ces horaires pour des cours d&rsquo;\u00e9quitation de d\u00e9butant \u00e0 Galop 9. Dans le cas o\u00f9 vous<a href=\"https:\/\/harasdumille.com\/index.php\/poney-club\/\" class=\"read-more\">Read More<\/a><\/p>\n","protected":false},"author":1,"featured_media":125,"parent":0,"menu_order":0,"comment_status":"closed","ping_status":"closed","template":"","meta":[],"yoast_head":"<!-- This site is optimized with the Yoast SEO plugin v17.0 - https:\/\/yoast.com\/wordpress\/plugins\/seo\/ -->\n<title>PONEY CLUB - Haras du Mille Centre \u00e9questre<\/title>\n<meta name=\"description\" content=\"D\u00e9couvrez votre poney club \u00e0 Pfaffenhoffen : \u00e9cole d&#039;\u00e9quitation labellis\u00e9e par la FFE, cours d&#039;\u00e9quitation, d\u00e9butant \u00e0 galop 9, comp\u00e9tition\" \/>\n<meta name=\"robots\" content=\"index, follow, max-snippet:-1, max-image-preview:large, max-video-preview:-1\" \/>\n<link rel=\"canonical\" href=\"https:\/\/harasdumille.com\/index.php\/poney-club\/\" \/>\n<meta property=\"og:locale\" content=\"fr_FR\" \/>\n<meta property=\"og:type\" content=\"article\" \/>\n<meta property=\"og:title\" content=\"PONEY CLUB - Haras du Mille Centre \u00e9questre\" \/>\n<meta property=\"og:description\" content=\"D\u00e9couvrez votre poney club \u00e0 Pfaffenhoffen : \u00e9cole d&#039;\u00e9quitation labellis\u00e9e par la FFE, cours d&#039;\u00e9quitation, d\u00e9butant \u00e0 galop 9, comp\u00e9tition\" \/>\n<meta property=\"og:url\" content=\"https:\/\/harasdumille.com\/index.php\/poney-club\/\" \/>\n<meta property=\"og:site_name\" content=\"Haras du Mille Centre \u00e9questre\" \/>\n<meta property=\"article:modified_time\" content=\"2024-09-11T13:24:52+00:00\" \/>\n<meta property=\"og:image\" content=\"http:\/\/harasdumille.com\/wp-content\/uploads\/2018\/08\/CARRIERE-EXTERIEURE-HDM.jpg\" \/>\n\t<meta property=\"og:image:width\" content=\"2048\" \/>\n\t<meta property=\"og:image:height\" content=\"1152\" \/>\n<meta name=\"twitter:card\" content=\"summary_large_image\" \/>\n<meta name=\"twitter:label1\" content=\"Dur\u00e9e de lecture est.\" \/>\n\t<meta name=\"twitter:data1\" content=\"4 minutes\" \/>\n<script type=\"application\/ld+json\" class=\"yoast-schema-graph\">{\"@context\":\"https:\/\/schema.org\",\"@graph\":[{\"@type\":\"WebSite\",\"@id\":\"http:\/\/harasdumille.com\/#website\",\"url\":\"http:\/\/harasdumille.com\/\",\"name\":\"Haras du Mille Centre \\u00e9questre\",\"description\":\"\",\"potentialAction\":[{\"@type\":\"SearchAction\",\"target\":{\"@type\":\"EntryPoint\",\"urlTemplate\":\"http:\/\/harasdumille.com\/?s={search_term_string}\"},\"query-input\":\"required name=search_term_string\"}],\"inLanguage\":\"fr-FR\"},{\"@type\":\"ImageObject\",\"@id\":\"https:\/\/harasdumille.com\/index.php\/poney-club\/#primaryimage\",\"inLanguage\":\"fr-FR\",\"url\":\"https:\/\/harasdumille.com\/wp-content\/uploads\/2018\/08\/CARRIERE-EXTERIEURE-HDM.jpg\",\"contentUrl\":\"https:\/\/harasdumille.com\/wp-content\/uploads\/2018\/08\/CARRIERE-EXTERIEURE-HDM.jpg\",\"width\":2048,\"height\":1152,\"caption\":\"Centre Equestre Haras du Mille Poney Club\"},{\"@type\":\"WebPage\",\"@id\":\"https:\/\/harasdumille.com\/index.php\/poney-club\/#webpage\",\"url\":\"https:\/\/harasdumille.com\/index.php\/poney-club\/\",\"name\":\"PONEY CLUB - Haras du Mille Centre \\u00e9questre\",\"isPartOf\":{\"@id\":\"http:\/\/harasdumille.com\/#website\"},\"primaryImageOfPage\":{\"@id\":\"https:\/\/harasdumille.com\/index.php\/poney-club\/#primaryimage\"},\"datePublished\":\"2018-09-05T13:15:12+00:00\",\"dateModified\":\"2024-09-11T13:24:52+00:00\",\"description\":\"D\\u00e9couvrez votre poney club \\u00e0 Pfaffenhoffen : \\u00e9cole d'\\u00e9quitation labellis\\u00e9e par la FFE, cours d'\\u00e9quitation, d\\u00e9butant \\u00e0 galop 9, comp\\u00e9tition\",\"breadcrumb\":{\"@id\":\"https:\/\/harasdumille.com\/index.php\/poney-club\/#breadcrumb\"},\"inLanguage\":\"fr-FR\",\"potentialAction\":[{\"@type\":\"ReadAction\",\"target\":[\"https:\/\/harasdumille.com\/index.php\/poney-club\/\"]}]},{\"@type\":\"BreadcrumbList\",\"@id\":\"https:\/\/harasdumille.com\/index.php\/poney-club\/#breadcrumb\",\"itemListElement\":[{\"@type\":\"ListItem\",\"position\":1,\"name\":\"Accueil\",\"item\":\"http:\/\/harasdumille.com\/\"},{\"@type\":\"ListItem\",\"position\":2,\"name\":\"PONEY CLUB\"}]}]}<\/script>\n<!-- \/ Yoast SEO plugin. -->","yoast_head_json":{"title":"PONEY CLUB - Haras du Mille Centre \u00e9questre","description":"D\u00e9couvrez votre poney club \u00e0 Pfaffenhoffen : \u00e9cole d'\u00e9quitation labellis\u00e9e par la FFE, cours d'\u00e9quitation, d\u00e9butant \u00e0 galop 9, comp\u00e9tition","robots":{"index":"index","follow":"follow","max-snippet":"max-snippet:-1","max-image-preview":"max-image-preview:large","max-video-preview":"max-video-preview:-1"},"canonical":"https:\/\/harasdumille.com\/index.php\/poney-club\/","og_locale":"fr_FR","og_type":"article","og_title":"PONEY CLUB - Haras du Mille Centre \u00e9questre","og_description":"D\u00e9couvrez votre poney club \u00e0 Pfaffenhoffen : \u00e9cole d'\u00e9quitation labellis\u00e9e par la FFE, cours d'\u00e9quitation, d\u00e9butant \u00e0 galop 9, comp\u00e9tition","og_url":"https:\/\/harasdumille.com\/index.php\/poney-club\/","og_site_name":"Haras du Mille Centre \u00e9questre","article_modified_time":"2024-09-11T13:24:52+00:00","og_image":[{"width":2048,"height":1152,"url":"http:\/\/harasdumille.com\/wp-content\/uploads\/2018\/08\/CARRIERE-EXTERIEURE-HDM.jpg","path":"\/home\/harasdum\/www\/wp-content\/uploads\/2018\/08\/CARRIERE-EXTERIEURE-HDM.jpg","size":"full","id":125,"alt":"Centre Equestre Haras du Mille Poney Club","pixels":2359296,"type":"image\/jpeg"}],"twitter_card":"summary_large_image","twitter_misc":{"Dur\u00e9e de lecture est.":"4 minutes"},"schema":{"@context":"https:\/\/schema.org","@graph":[{"@type":"WebSite","@id":"http:\/\/harasdumille.com\/#website","url":"http:\/\/harasdumille.com\/","name":"Haras du Mille Centre \u00e9questre","description":"","potentialAction":[{"@type":"SearchAction","target":{"@type":"EntryPoint","urlTemplate":"http:\/\/harasdumille.com\/?s={search_term_string}"},"query-input":"required name=search_term_string"}],"inLanguage":"fr-FR"},{"@type":"ImageObject","@id":"https:\/\/harasdumille.com\/index.php\/poney-club\/#primaryimage","inLanguage":"fr-FR","url":"https:\/\/harasdumille.com\/wp-content\/uploads\/2018\/08\/CARRIERE-EXTERIEURE-HDM.jpg","contentUrl":"https:\/\/harasdumille.com\/wp-content\/uploads\/2018\/08\/CARRIERE-EXTERIEURE-HDM.jpg","width":2048,"height":1152,"caption":"Centre Equestre Haras du Mille Poney Club"},{"@type":"WebPage","@id":"https:\/\/harasdumille.com\/index.php\/poney-club\/#webpage","url":"https:\/\/harasdumille.com\/index.php\/poney-club\/","name":"PONEY CLUB - Haras du Mille Centre \u00e9questre","isPartOf":{"@id":"http:\/\/harasdumille.com\/#website"},"primaryImageOfPage":{"@id":"https:\/\/harasdumille.com\/index.php\/poney-club\/#primaryimage"},"datePublished":"2018-09-05T13:15:12+00:00","dateModified":"2024-09-11T13:24:52+00:00","description":"D\u00e9couvrez votre poney club \u00e0 Pfaffenhoffen : \u00e9cole d'\u00e9quitation labellis\u00e9e par la FFE, cours d'\u00e9quitation, d\u00e9butant \u00e0 galop 9, comp\u00e9tition","breadcrumb":{"@id":"https:\/\/harasdumille.com\/index.php\/poney-club\/#breadcrumb"},"inLanguage":"fr-FR","potentialAction":[{"@type":"ReadAction","target":["https:\/\/harasdumille.com\/index.php\/poney-club\/"]}]},{"@type":"BreadcrumbList","@id":"https:\/\/harasdumille.com\/index.php\/poney-club\/#breadcrumb","itemListElement":[{"@type":"ListItem","position":1,"name":"Accueil","item":"http:\/\/harasdumille.com\/"},{"@type":"ListItem","position":2,"name":"PONEY CLUB"}]}]}},"_links":{"self":[{"href":"https:\/\/harasdumille.com\/index.php\/wp-json\/wp\/v2\/pages\/113"}],"collection":[{"href":"https:\/\/harasdumille.com\/index.php\/wp-json\/wp\/v2\/pages"}],"about":[{"href":"https:\/\/harasdumille.com\/index.php\/wp-json\/wp\/v2\/types\/page"}],"author":[{"embeddable":true,"href":"https:\/\/harasdumille.com\/index.php\/wp-json\/wp\/v2\/users\/1"}],"replies":[{"embeddable":true,"href":"https:\/\/harasdumille.com\/index.php\/wp-json\/wp\/v2\/comments?post=113"}],"version-history":[{"count":23,"href":"https:\/\/harasdumille.com\/index.php\/wp-json\/wp\/v2\/pages\/113\/revisions"}],"predecessor-version":[{"id":780,"href":"https:\/\/harasdumille.com\/index.php\/wp-json\/wp\/v2\/pages\/113\/revisions\/780"}],"wp:featuredmedia":[{"embeddable":true,"href":"https:\/\/harasdumille.com\/index.php\/wp-json\/wp\/v2\/media\/125"}],"wp:attachment":[{"href":"https:\/\/harasdumille.com\/index.php\/wp-json\/wp\/v2\/media?parent=113"}],"curies":[{"name":"wp","href":"https:\/\/api.w.org\/{rel}","templated":true}]}}