{"id":121,"date":"2018-09-05T15:15:12","date_gmt":"2018-09-05T13:15:12","guid":{"rendered":"http:\/\/harasdumille.com\/harasdumille.com\/WP\/?page_id=121"},"modified":"2024-09-11T15:05:56","modified_gmt":"2024-09-11T13:05:56","slug":"concours","status":"publish","type":"page","link":"https:\/\/harasdumille.com\/index.php\/concours\/","title":{"rendered":"Concours"},"content":{"rendered":"<h3>Le Haras du Mille propose diff\u00e9rents cours orient\u00e9s vers la comp\u00e9tition. D&rsquo;une premi\u00e8re approche aux comp\u00e9titions amateur Elite en passant par les comp\u00e9titions jeunes chevaux. Nous proposons un programme d&rsquo;entra\u00eenement adapt\u00e9 \u00e0 chacun et au niveau qu&rsquo;il souhaite atteindre.<\/h3>\n<h3>Nous participons chaque ann\u00e9e aux championnats de France \u00e0 Lamotte Beuvron avec des cavaliers de club et accompagnons les cavaliers de jeunes chevaux aux championnats lors de la grande semaine de Fontainebleau<\/h3>\n<p>\u00a0<\/p>\n\n\n<figure class=\"wp-block-gallery columns-3 is-cropped\"><ul class=\"blocks-gallery-grid\"><li class=\"blocks-gallery-item\"><figure><img loading=\"lazy\" width=\"1024\" height=\"683\" src=\"http:\/\/harasdumille.com\/wp-content\/uploads\/2018\/09\/12977138_10208016035590102_3711073284102783073_o-1024x683.jpg\" alt=\"\" data-id=\"300\" data-full-url=\"http:\/\/harasdumille.com\/wp-content\/uploads\/2018\/09\/12977138_10208016035590102_3711073284102783073_o.jpg\" data-link=\"https:\/\/harasdumille.com\/12977138_10208016035590102_3711073284102783073_o\/\" class=\"wp-image-300\" srcset=\"https:\/\/harasdumille.com\/wp-content\/uploads\/2018\/09\/12977138_10208016035590102_3711073284102783073_o-1024x683.jpg 1024w, https:\/\/harasdumille.com\/wp-content\/uploads\/2018\/09\/12977138_10208016035590102_3711073284102783073_o-300x200.jpg 300w, https:\/\/harasdumille.com\/wp-content\/uploads\/2018\/09\/12977138_10208016035590102_3711073284102783073_o-768x512.jpg 768w, https:\/\/harasdumille.com\/wp-content\/uploads\/2018\/09\/12977138_10208016035590102_3711073284102783073_o.jpg 1113w\" sizes=\"(max-width: 1024px) 100vw, 1024px\" \/><\/figure><\/li><li class=\"blocks-gallery-item\"><figure><img loading=\"lazy\" width=\"960\" height=\"671\" src=\"http:\/\/harasdumille.com\/wp-content\/uploads\/2018\/09\/1536489_634412633285785_1652372726_n.jpg\" alt=\"\" data-id=\"295\" data-full-url=\"http:\/\/harasdumille.com\/wp-content\/uploads\/2018\/09\/1536489_634412633285785_1652372726_n.jpg\" data-link=\"https:\/\/harasdumille.com\/1536489_634412633285785_1652372726_n\/\" class=\"wp-image-295\" srcset=\"https:\/\/harasdumille.com\/wp-content\/uploads\/2018\/09\/1536489_634412633285785_1652372726_n.jpg 960w, https:\/\/harasdumille.com\/wp-content\/uploads\/2018\/09\/1536489_634412633285785_1652372726_n-300x210.jpg 300w, https:\/\/harasdumille.com\/wp-content\/uploads\/2018\/09\/1536489_634412633285785_1652372726_n-768x537.jpg 768w\" sizes=\"(max-width: 960px) 100vw, 960px\" \/><\/figure><\/li><li class=\"blocks-gallery-item\"><figure><img loading=\"lazy\" width=\"300\" height=\"200\" src=\"http:\/\/harasdumille.com\/wp-content\/uploads\/2019\/04\/aurelie_concours1-e1554887464940.jpg\" alt=\"\" data-id=\"358\" data-full-url=\"http:\/\/harasdumille.com\/wp-content\/uploads\/2019\/04\/aurelie_concours1-e1554887464940.jpg\" data-link=\"https:\/\/harasdumille.com\/aurelie_concours1\/\" class=\"wp-image-358\"\/><\/figure><\/li><li class=\"blocks-gallery-item\"><figure><img loading=\"lazy\" width=\"1024\" height=\"683\" src=\"http:\/\/harasdumille.com\/wp-content\/uploads\/2024\/09\/amelie_laurentides-1024x683.jpg\" alt=\"\" data-id=\"772\" data-full-url=\"http:\/\/harasdumille.com\/wp-content\/uploads\/2024\/09\/amelie_laurentides.jpg\" data-link=\"https:\/\/harasdumille.com\/index.php\/concours\/amelie_laurentides\/\" class=\"wp-image-772\" srcset=\"https:\/\/harasdumille.com\/wp-content\/uploads\/2024\/09\/amelie_laurentides-1024x683.jpg 1024w, https:\/\/harasdumille.com\/wp-content\/uploads\/2024\/09\/amelie_laurentides-300x200.jpg 300w, https:\/\/harasdumille.com\/wp-content\/uploads\/2024\/09\/amelie_laurentides-768x512.jpg 768w, https:\/\/harasdumille.com\/wp-content\/uploads\/2024\/09\/amelie_laurentides-1536x1024.jpg 1536w, https:\/\/harasdumille.com\/wp-content\/uploads\/2024\/09\/amelie_laurentides.jpg 2048w\" sizes=\"(max-width: 1024px) 100vw, 1024px\" \/><\/figure><\/li><li class=\"blocks-gallery-item\"><figure><img loading=\"lazy\" width=\"750\" height=\"563\" src=\"http:\/\/harasdumille.com\/wp-content\/uploads\/2024\/09\/podium_club1_laurentides.jpg\" alt=\"\" data-id=\"773\" data-full-url=\"http:\/\/harasdumille.com\/wp-content\/uploads\/2024\/09\/podium_club1_laurentides.jpg\" data-link=\"https:\/\/harasdumille.com\/index.php\/concours\/podium_club1_laurentides\/\" class=\"wp-image-773\" srcset=\"https:\/\/harasdumille.com\/wp-content\/uploads\/2024\/09\/podium_club1_laurentides.jpg 750w, https:\/\/harasdumille.com\/wp-content\/uploads\/2024\/09\/podium_club1_laurentides-300x225.jpg 300w\" sizes=\"(max-width: 750px) 100vw, 750px\" \/><\/figure><\/li><li class=\"blocks-gallery-item\"><figure><img loading=\"lazy\" width=\"400\" height=\"266\" src=\"http:\/\/harasdumille.com\/wp-content\/uploads\/2019\/04\/equipe_concours_NB-e1554886970781.jpg\" alt=\"stage \u00e9questre\" data-id=\"350\" data-full-url=\"http:\/\/harasdumille.com\/wp-content\/uploads\/2019\/04\/equipe_concours_NB-e1554886970781.jpg\" data-link=\"https:\/\/harasdumille.com\/equipe_concours_nb\/\" class=\"wp-image-350\"\/><\/figure><\/li><\/ul><\/figure>\n","protected":false},"excerpt":{"rendered":"<p>Le Haras du Mille propose diff\u00e9rents cours orient\u00e9s vers la comp\u00e9tition. D&rsquo;une premi\u00e8re approche aux comp\u00e9titions amateur Elite en passant par les comp\u00e9titions jeunes chevaux. Nous proposons un programme d&rsquo;entra\u00eenement adapt\u00e9 \u00e0 chacun et au niveau qu&rsquo;il souhaite atteindre. Nous participons chaque ann\u00e9e aux championnats de France \u00e0 Lamotte Beuvron<a href=\"https:\/\/harasdumille.com\/index.php\/concours\/\" class=\"read-more\">Read More<\/a><\/p>\n","protected":false},"author":1,"featured_media":99,"parent":0,"menu_order":0,"comment_status":"closed","ping_status":"closed","template":"","meta":[],"yoast_head":"<!-- This site is optimized with the Yoast SEO plugin v17.0 - https:\/\/yoast.com\/wordpress\/plugins\/seo\/ -->\n<title>Concours - Haras du Mille Centre \u00e9questre<\/title>\n<meta name=\"robots\" content=\"index, follow, max-snippet:-1, max-image-preview:large, max-video-preview:-1\" \/>\n<link rel=\"canonical\" href=\"https:\/\/harasdumille.com\/index.php\/concours\/\" \/>\n<meta property=\"og:locale\" content=\"fr_FR\" \/>\n<meta property=\"og:type\" content=\"article\" \/>\n<meta property=\"og:title\" content=\"Concours - Haras du Mille Centre \u00e9questre\" \/>\n<meta property=\"og:description\" content=\"Le Haras du Mille propose diff\u00e9rents cours orient\u00e9s vers la comp\u00e9tition. D&rsquo;une premi\u00e8re approche aux comp\u00e9titions amateur Elite en passant par les comp\u00e9titions jeunes chevaux. Nous proposons un programme d&rsquo;entra\u00eenement adapt\u00e9 \u00e0 chacun et au niveau qu&rsquo;il souhaite atteindre. Nous participons chaque ann\u00e9e aux championnats de France \u00e0 Lamotte BeuvronRead More\" \/>\n<meta property=\"og:url\" content=\"https:\/\/harasdumille.com\/index.php\/concours\/\" \/>\n<meta property=\"og:site_name\" content=\"Haras du Mille Centre \u00e9questre\" \/>\n<meta property=\"article:modified_time\" content=\"2024-09-11T13:05:56+00:00\" \/>\n<meta property=\"og:image\" content=\"http:\/\/harasdumille.com\/wp-content\/uploads\/2018\/07\/17N939_0086-1024x683.jpg\" \/>\n\t<meta property=\"og:image:width\" content=\"1024\" \/>\n\t<meta property=\"og:image:height\" content=\"683\" \/>\n<meta name=\"twitter:card\" content=\"summary_large_image\" \/>\n<meta name=\"twitter:label1\" content=\"Dur\u00e9e de lecture est.\" \/>\n\t<meta name=\"twitter:data1\" content=\"2 minutes\" \/>\n<script type=\"application\/ld+json\" class=\"yoast-schema-graph\">{\"@context\":\"https:\/\/schema.org\",\"@graph\":[{\"@type\":\"WebSite\",\"@id\":\"https:\/\/harasdumille.com\/#website\",\"url\":\"https:\/\/harasdumille.com\/\",\"name\":\"Haras du Mille Centre \\u00e9questre\",\"description\":\"\",\"potentialAction\":[{\"@type\":\"SearchAction\",\"target\":{\"@type\":\"EntryPoint\",\"urlTemplate\":\"https:\/\/harasdumille.com\/?s={search_term_string}\"},\"query-input\":\"required name=search_term_string\"}],\"inLanguage\":\"fr-FR\"},{\"@type\":\"ImageObject\",\"@id\":\"https:\/\/harasdumille.com\/index.php\/concours\/#primaryimage\",\"inLanguage\":\"fr-FR\",\"url\":\"https:\/\/harasdumille.com\/wp-content\/uploads\/2018\/07\/17N939_0086.jpg\",\"contentUrl\":\"https:\/\/harasdumille.com\/wp-content\/uploads\/2018\/07\/17N939_0086.jpg\",\"width\":4000,\"height\":2667,\"caption\":\"16 : SUNSHINE DU THOT : GAUTHIER MILLET Aurelie\"},{\"@type\":\"WebPage\",\"@id\":\"https:\/\/harasdumille.com\/index.php\/concours\/#webpage\",\"url\":\"https:\/\/harasdumille.com\/index.php\/concours\/\",\"name\":\"Concours - Haras du Mille Centre \\u00e9questre\",\"isPartOf\":{\"@id\":\"https:\/\/harasdumille.com\/#website\"},\"primaryImageOfPage\":{\"@id\":\"https:\/\/harasdumille.com\/index.php\/concours\/#primaryimage\"},\"datePublished\":\"2018-09-05T13:15:12+00:00\",\"dateModified\":\"2024-09-11T13:05:56+00:00\",\"breadcrumb\":{\"@id\":\"https:\/\/harasdumille.com\/index.php\/concours\/#breadcrumb\"},\"inLanguage\":\"fr-FR\",\"potentialAction\":[{\"@type\":\"ReadAction\",\"target\":[\"https:\/\/harasdumille.com\/index.php\/concours\/\"]}]},{\"@type\":\"BreadcrumbList\",\"@id\":\"https:\/\/harasdumille.com\/index.php\/concours\/#breadcrumb\",\"itemListElement\":[{\"@type\":\"ListItem\",\"position\":1,\"name\":\"Accueil\",\"item\":\"https:\/\/harasdumille.com\/\"},{\"@type\":\"ListItem\",\"position\":2,\"name\":\"Concours\"}]}]}<\/script>\n<!-- \/ Yoast SEO plugin. -->","yoast_head_json":{"title":"Concours - Haras du Mille Centre \u00e9questre","robots":{"index":"index","follow":"follow","max-snippet":"max-snippet:-1","max-image-preview":"max-image-preview:large","max-video-preview":"max-video-preview:-1"},"canonical":"https:\/\/harasdumille.com\/index.php\/concours\/","og_locale":"fr_FR","og_type":"article","og_title":"Concours - Haras du Mille Centre \u00e9questre","og_description":"Le Haras du Mille propose diff\u00e9rents cours orient\u00e9s vers la comp\u00e9tition. D&rsquo;une premi\u00e8re approche aux comp\u00e9titions amateur Elite en passant par les comp\u00e9titions jeunes chevaux. Nous proposons un programme d&rsquo;entra\u00eenement adapt\u00e9 \u00e0 chacun et au niveau qu&rsquo;il souhaite atteindre. Nous participons chaque ann\u00e9e aux championnats de France \u00e0 Lamotte BeuvronRead More","og_url":"https:\/\/harasdumille.com\/index.php\/concours\/","og_site_name":"Haras du Mille Centre \u00e9questre","article_modified_time":"2024-09-11T13:05:56+00:00","og_image":[{"width":1024,"height":683,"path":"2018\/07\/17N939_0086-1024x683.jpg","url":"http:\/\/harasdumille.com\/wp-content\/uploads\/2018\/07\/17N939_0086-1024x683.jpg","size":"large","id":99,"alt":"","pixels":699392,"type":"image\/jpeg"}],"twitter_card":"summary_large_image","twitter_misc":{"Dur\u00e9e de lecture est.":"2 minutes"},"schema":{"@context":"https:\/\/schema.org","@graph":[{"@type":"WebSite","@id":"https:\/\/harasdumille.com\/#website","url":"https:\/\/harasdumille.com\/","name":"Haras du Mille Centre \u00e9questre","description":"","potentialAction":[{"@type":"SearchAction","target":{"@type":"EntryPoint","urlTemplate":"https:\/\/harasdumille.com\/?s={search_term_string}"},"query-input":"required name=search_term_string"}],"inLanguage":"fr-FR"},{"@type":"ImageObject","@id":"https:\/\/harasdumille.com\/index.php\/concours\/#primaryimage","inLanguage":"fr-FR","url":"https:\/\/harasdumille.com\/wp-content\/uploads\/2018\/07\/17N939_0086.jpg","contentUrl":"https:\/\/harasdumille.com\/wp-content\/uploads\/2018\/07\/17N939_0086.jpg","width":4000,"height":2667,"caption":"16 : SUNSHINE DU THOT : GAUTHIER MILLET Aurelie"},{"@type":"WebPage","@id":"https:\/\/harasdumille.com\/index.php\/concours\/#webpage","url":"https:\/\/harasdumille.com\/index.php\/concours\/","name":"Concours - Haras du Mille Centre \u00e9questre","isPartOf":{"@id":"https:\/\/harasdumille.com\/#website"},"primaryImageOfPage":{"@id":"https:\/\/harasdumille.com\/index.php\/concours\/#primaryimage"},"datePublished":"2018-09-05T13:15:12+00:00","dateModified":"2024-09-11T13:05:56+00:00","breadcrumb":{"@id":"https:\/\/harasdumille.com\/index.php\/concours\/#breadcrumb"},"inLanguage":"fr-FR","potentialAction":[{"@type":"ReadAction","target":["https:\/\/harasdumille.com\/index.php\/concours\/"]}]},{"@type":"BreadcrumbList","@id":"https:\/\/harasdumille.com\/index.php\/concours\/#breadcrumb","itemListElement":[{"@type":"ListItem","position":1,"name":"Accueil","item":"https:\/\/harasdumille.com\/"},{"@type":"ListItem","position":2,"name":"Concours"}]}]}},"_links":{"self":[{"href":"https:\/\/harasdumille.com\/index.php\/wp-json\/wp\/v2\/pages\/121"}],"collection":[{"href":"https:\/\/harasdumille.com\/index.php\/wp-json\/wp\/v2\/pages"}],"about":[{"href":"https:\/\/harasdumille.com\/index.php\/wp-json\/wp\/v2\/types\/page"}],"author":[{"embeddable":true,"href":"https:\/\/harasdumille.com\/index.php\/wp-json\/wp\/v2\/users\/1"}],"replies":[{"embeddable":true,"href":"https:\/\/harasdumille.com\/index.php\/wp-json\/wp\/v2\/comments?post=121"}],"version-history":[{"count":6,"href":"https:\/\/harasdumille.com\/index.php\/wp-json\/wp\/v2\/pages\/121\/revisions"}],"predecessor-version":[{"id":775,"href":"https:\/\/harasdumille.com\/index.php\/wp-json\/wp\/v2\/pages\/121\/revisions\/775"}],"wp:featuredmedia":[{"embeddable":true,"href":"https:\/\/harasdumille.com\/index.php\/wp-json\/wp\/v2\/media\/99"}],"wp:attachment":[{"href":"https:\/\/harasdumille.com\/index.php\/wp-json\/wp\/v2\/media?parent=121"}],"curies":[{"name":"wp","href":"https:\/\/api.w.org\/{rel}","templated":true}]}}