{"id":212,"date":"2018-09-05T23:59:20","date_gmt":"2018-09-05T21:59:20","guid":{"rendered":"http:\/\/harasdumille.com\/harasdumille.com\/WP\/?page_id=212"},"modified":"2025-08-20T09:52:01","modified_gmt":"2025-08-20T07:52:01","slug":"tarifs-centre-equestre","status":"publish","type":"page","link":"https:\/\/harasdumille.com\/index.php\/tarifs-centre-equestre\/","title":{"rendered":"Tarifs 2025 -2026"},"content":{"rendered":"\n<h2>LES TARIFS 2025-2026 au centre \u00e9questre Haras du Mille, \u00e0 Pfaffenhoffen.<\/h2>\n\n\n\n<p>Retrouvez la nouvelle grille tarifaire de votre centre \u00e9questre \u00e0 Pfaffenhoffen, Haras du Mille.&nbsp;<\/p>\n\n\n\n<div class=\"wp-block-columns\">\n<div class=\"wp-block-column\" style=\"flex-basis:66.66%\">\n<figure class=\"wp-block-image size-large\"><img loading=\"lazy\" width=\"1024\" height=\"613\" src=\"https:\/\/harasdumille.com\/wp-content\/uploads\/2025\/08\/tarifs-2025-2026-1024x613.jpg\" alt=\"\" class=\"wp-image-809\" srcset=\"https:\/\/harasdumille.com\/wp-content\/uploads\/2025\/08\/tarifs-2025-2026-1024x613.jpg 1024w, https:\/\/harasdumille.com\/wp-content\/uploads\/2025\/08\/tarifs-2025-2026-300x180.jpg 300w, https:\/\/harasdumille.com\/wp-content\/uploads\/2025\/08\/tarifs-2025-2026-768x460.jpg 768w, https:\/\/harasdumille.com\/wp-content\/uploads\/2025\/08\/tarifs-2025-2026.jpg 1212w\" sizes=\"(max-width: 1024px) 100vw, 1024px\" \/><\/figure>\n<\/div>\n\n\n\n<div class=\"wp-block-column\" style=\"flex-basis:33.33%\"><\/div>\n<\/div>\n\n\n\n<p>Il est n\u00e9cessaire avant tout d\u2019\u00eatre licenci\u00e9 quelle que soit la formule choisie (avec ou sans abonnement sauf cours passager et baby poney). Le co\u00fbt de la licence f\u00e9d\u00e9rale est de 29\u20ac pour les \u2013 de 18 ans et de 40\u20ac pour les + de 18 ans.\u00a0<\/p>\n\n\n\n<p>Nous vous proposons deux possibilit\u00e9s&nbsp;:&nbsp;<\/p>\n\n\n\n<ul><li>Acc\u00e8s aux cours d\u2019\u00e9quitation avec un abonnement annuel&nbsp;: Tarif Avantageux, inscription automatique au cours, priorit\u00e9 sur l&rsquo;inscription. Engagement annuel, cours pendant les vacances scolaires (sauf Noel, et \u00e9t\u00e9).&nbsp;<\/li><li>Acc\u00e8s aux cours d\u2019\u00e9quitation sans abonnement&nbsp;: Plus de libert\u00e9, possibilit\u00e9 de monter tous les 15 jours. En revanche, pas de priorit\u00e9 sur l&rsquo;inscription dans le cours, tarif plus \u00e9lev\u00e9, pas d&rsquo;inscription automatique.&nbsp;<\/li><\/ul>\n\n\n\n<p>Pour information, le forfait est annuel, l&rsquo;ensemble du r\u00e8glement doit \u00eatre effectu\u00e9 en d\u00e9but d&rsquo;ann\u00e9e en 1, 3 ou 5 ch\u00e8ques. Lesdits ch\u00e8ques seront encaiss\u00e9s dans l&rsquo;ann\u00e9e selon un planning d\u00e9fini. Aucun remboursement ne sera effectu\u00e9 en cours d&rsquo;ann\u00e9e en cas d&rsquo;arr\u00eat de l&rsquo;activit\u00e9 par le cavalier.&nbsp;Les tarifs des pensions de chevaux sont \u00e0 retrouver juste ici (lien vers pension) ainsi que les tarifs pour les stages et autres activit\u00e9s (lien vers page stages). Ces prestations pay\u00e9es sont valables 6 mois (Hors forfait annuel).<\/p>\n\n\n\n<p>De plus, la pension est au tarif de 440\u20ac par mois comprenant le casier et le paddock. Nous pouvons aussi vous proposer une sortie au pr\u00e9 5 fois par semaine. <\/p>\n\n\n\n<p>Enfin, nous vous informons que toute le\u00e7on d\u00e9command\u00e9e la veille sera comptabilis\u00e9e, sauf sur pr\u00e9sentation d&rsquo;un certificat m\u00e9dical.<\/p>\n\n\n\n<h4><strong>NOTE IMPORTANTE :<\/strong> Le choix de la formule au forfait vous engage sur l&rsquo;ann\u00e9e, le paiement en plusieurs fois n&rsquo;est qu&rsquo;une facilit\u00e9 de paiement, AUCUNE SOMME PAY\u00c9E ne pourra \u00eatre rembours\u00e9e en cas d&rsquo;arr\u00eat durant l&rsquo;ann\u00e9e.<\/h4>\n\n\n\n<h2>Le planning des cours 2024-2025 dans votre centre \u00e9questre Haras du Mille :<\/h2>\n\n\n\n<p>Dans votre poney club et centre \u00e9questre Haras du Mille, nous vous proposons des cours d&rsquo;\u00e9quitation du mardi au samedi, ainsi qu&rsquo;une tarification \u00e0 la carte.<\/p>\n\n\n\n<p>Pour cela vous pouvez cliquer sur le lien ci-dessous afin de t\u00e9l\u00e9charger le planning complet des cours que votre centre \u00e9questre Haras du Mille vous propose.<\/p>\n\n\n\n<h3>Planning des cours d&rsquo;\u00e9quitation au Haras du Mille, centre \u00e9questre \u00e0 Pfaffenhoffen<\/h3>\n\n\n\n<h3>Planning 2025\/2026 de votre poney club \u00e0 Pfaffenhoffen : <\/h3>\n\n\n\n<p><strong>Lundi<\/strong>&nbsp;: Ferm\u00e9<\/p>\n\n\n\n<p><strong>Mercredi<\/strong>&nbsp;:&nbsp;<\/p>\n\n\n\n<ul><li>13h00 \u2013 14H00 : D\u00e9butants<\/li><li>14h00-15h00 : Galop 3<\/li><li>15h00-16h00 : Galop 4 et +<\/li><li>16h00-17h00 : Galop 1 et 2<\/li><li>17h00-18h00 : comp\u00e9tition club Pr\u00e9paration championnats de france<\/li><\/ul>\n\n\n\n<p><strong>Jeudi <\/strong>: <\/p>\n\n\n\n<ul><li>Cours particuliers sur RDV en journ\u00e9e<\/li><li>17:45 &#8211; 18:45 : Comp\u00e9tition Club<\/li><li>18:45 &#8211; 19:45 : Comp\u00e9tition CSO Adultes<\/li><\/ul>\n\n\n\n<p><strong>Vendredi&nbsp;<\/strong>:<\/p>\n\n\n\n<ul><li>De 13:00 \u00e0 16:30 : Cours particuliers sur RDV<\/li><li>De 16:45 \u00e0 17:45 : Baby Poney<\/li><li>De 17:45 \u00e0 18:45 : Equitation pour les scolaires<\/li><li>De 18:45 \u00e0 19:45: Adultes tout niveau<\/li><\/ul>\n\n\n\n<p><strong>Samedi<\/strong>&nbsp;:&nbsp;<\/p>\n\n\n\n<ul><li>9h00 \u2013 10h00 : comp\u00e9tition club 1+ &amp; amateurs<\/li><li>10h \u2013 11h : Galop 2<\/li><li>11h \u2013 12h : Galop 4 \/5<\/li><li>13h00-14h00 : D\u00e9butants<\/li><li>14h00-15h00 : Galop 6 et +<\/li><li>15h00-16h00 : Galop 1<\/li><li>16h00-17h00 : Galop 3<\/li><li>17h00-18h00 : Baby Poney<\/li><\/ul>\n\n\n\n<p><strong>Dimanche<\/strong>&nbsp;: Concours et activit\u00e9s diverses<\/p>\n\n\n\n<p>Enfin, le Baby Poney se fait sur inscription par t\u00e9l\u00e9phone ou message : <a href=\"tel:0683840576\">06 83 84 05 76<\/a> au pr\u00e8s de l&rsquo;\u00e9quipe du Centre \u00e9questre. <\/p>\n\n\n\n<div class=\"wp-block-columns\">\n<div class=\"wp-block-column\" style=\"flex-basis:100%\">\n<div class=\"wp-block-columns\">\n<div class=\"wp-block-column\" style=\"flex-basis:100%\">\n<figure class=\"wp-block-image size-large\"><img loading=\"lazy\" width=\"1024\" height=\"724\" src=\"https:\/\/harasdumille.com\/wp-content\/uploads\/2025\/08\/PROJET-planning-cours-2025-2026-1-1024x724.jpg\" alt=\"\" class=\"wp-image-811\" srcset=\"https:\/\/harasdumille.com\/wp-content\/uploads\/2025\/08\/PROJET-planning-cours-2025-2026-1-1024x724.jpg 1024w, https:\/\/harasdumille.com\/wp-content\/uploads\/2025\/08\/PROJET-planning-cours-2025-2026-1-300x212.jpg 300w, https:\/\/harasdumille.com\/wp-content\/uploads\/2025\/08\/PROJET-planning-cours-2025-2026-1-768x543.jpg 768w, https:\/\/harasdumille.com\/wp-content\/uploads\/2025\/08\/PROJET-planning-cours-2025-2026-1-1536x1086.jpg 1536w, https:\/\/harasdumille.com\/wp-content\/uploads\/2025\/08\/PROJET-planning-cours-2025-2026-1-2048x1448.jpg 2048w\" sizes=\"(max-width: 1024px) 100vw, 1024px\" \/><\/figure>\n<\/div>\n<\/div>\n<\/div>\n<\/div>\n\n\n\n<h2>Pour plus d&rsquo;informations nous sommes \u00e0 votre enti\u00e8re disposition directement au Haras du Mille, par <a href=\"http:\/\/harasdumille.com\/harasdumille.com\/WP\/index.php\/contact\/\">t\u00e9l\u00e9phone<\/a> ou par <a href=\"http:\/\/harasdumille.com\/harasdumille.com\/WP\/index.php\/contact\/\">email<\/a>.<\/h2>\n","protected":false},"excerpt":{"rendered":"<p>LES TARIFS 2025-2026 au centre \u00e9questre Haras du Mille, \u00e0 Pfaffenhoffen. Retrouvez la nouvelle grille tarifaire de votre centre \u00e9questre \u00e0 Pfaffenhoffen, Haras du Mille.&nbsp; Il est n\u00e9cessaire avant tout d\u2019\u00eatre licenci\u00e9 quelle que soit la formule choisie (avec ou sans abonnement sauf cours passager et baby poney). Le co\u00fbt<a href=\"https:\/\/harasdumille.com\/index.php\/tarifs-centre-equestre\/\" class=\"read-more\">Read More<\/a><\/p>\n","protected":false},"author":1,"featured_media":526,"parent":0,"menu_order":0,"comment_status":"closed","ping_status":"closed","template":"","meta":[],"yoast_head":"<!-- This site is optimized with the Yoast SEO plugin v17.0 - https:\/\/yoast.com\/wordpress\/plugins\/seo\/ -->\n<title>Tarifs 2025 -2026 Haras du Mille Centre \u00e9questre \u00e0 Pfaffenhoffen<\/title>\n<meta name=\"description\" content=\"Les tarifs de votre centre \u00e9questre Haras du Mille \u00e0 Pfaffenhoffen : baby poney, poney club, cours d&#039;\u00e9quitation d\u00e9butant et comp\u00e9tition.\" \/>\n<meta name=\"robots\" content=\"index, follow, max-snippet:-1, max-image-preview:large, max-video-preview:-1\" \/>\n<link rel=\"canonical\" href=\"http:\/\/harasdumille.com\/index.php\/tarifs-centre-equestre\/\" \/>\n<meta property=\"og:locale\" content=\"fr_FR\" \/>\n<meta property=\"og:type\" content=\"article\" \/>\n<meta property=\"og:title\" content=\"Tarifs 2025 -2026 Haras du Mille Centre \u00e9questre \u00e0 Pfaffenhoffen\" \/>\n<meta property=\"og:description\" content=\"Les tarifs de votre centre \u00e9questre Haras du Mille \u00e0 Pfaffenhoffen : baby poney, poney club, cours d&#039;\u00e9quitation d\u00e9butant et comp\u00e9tition.\" \/>\n<meta property=\"og:url\" content=\"http:\/\/harasdumille.com\/index.php\/tarifs-centre-equestre\/\" \/>\n<meta property=\"og:site_name\" content=\"Haras du Mille Centre \u00e9questre\" \/>\n<meta property=\"article:modified_time\" content=\"2025-08-20T07:52:01+00:00\" \/>\n<meta property=\"og:image\" content=\"http:\/\/harasdumille.com\/wp-content\/uploads\/2021\/04\/site-internet-poney-club.png\" \/>\n\t<meta property=\"og:image:width\" content=\"1972\" \/>\n\t<meta property=\"og:image:height\" content=\"540\" \/>\n<meta name=\"twitter:card\" content=\"summary_large_image\" \/>\n<meta name=\"twitter:label1\" content=\"Dur\u00e9e de lecture est.\" \/>\n\t<meta name=\"twitter:data1\" content=\"3 minutes\" \/>\n<script type=\"application\/ld+json\" class=\"yoast-schema-graph\">{\"@context\":\"https:\/\/schema.org\",\"@graph\":[{\"@type\":\"WebSite\",\"@id\":\"https:\/\/harasdumille.com\/#website\",\"url\":\"https:\/\/harasdumille.com\/\",\"name\":\"Haras du Mille Centre \\u00e9questre\",\"description\":\"\",\"potentialAction\":[{\"@type\":\"SearchAction\",\"target\":{\"@type\":\"EntryPoint\",\"urlTemplate\":\"https:\/\/harasdumille.com\/?s={search_term_string}\"},\"query-input\":\"required name=search_term_string\"}],\"inLanguage\":\"fr-FR\"},{\"@type\":\"ImageObject\",\"@id\":\"http:\/\/harasdumille.com\/index.php\/tarifs-centre-equestre\/#primaryimage\",\"inLanguage\":\"fr-FR\",\"url\":\"https:\/\/harasdumille.com\/wp-content\/uploads\/2021\/04\/site-internet-poney-club.png\",\"contentUrl\":\"https:\/\/harasdumille.com\/wp-content\/uploads\/2021\/04\/site-internet-poney-club.png\",\"width\":1972,\"height\":540,\"caption\":\"centre \\u00e9questre\"},{\"@type\":\"WebPage\",\"@id\":\"http:\/\/harasdumille.com\/index.php\/tarifs-centre-equestre\/#webpage\",\"url\":\"http:\/\/harasdumille.com\/index.php\/tarifs-centre-equestre\/\",\"name\":\"Tarifs 2025 -2026 Haras du Mille Centre \\u00e9questre \\u00e0 Pfaffenhoffen\",\"isPartOf\":{\"@id\":\"https:\/\/harasdumille.com\/#website\"},\"primaryImageOfPage\":{\"@id\":\"http:\/\/harasdumille.com\/index.php\/tarifs-centre-equestre\/#primaryimage\"},\"datePublished\":\"2018-09-05T21:59:20+00:00\",\"dateModified\":\"2025-08-20T07:52:01+00:00\",\"description\":\"Les tarifs de votre centre \\u00e9questre Haras du Mille \\u00e0 Pfaffenhoffen : baby poney, poney club, cours d'\\u00e9quitation d\\u00e9butant et comp\\u00e9tition.\",\"breadcrumb\":{\"@id\":\"http:\/\/harasdumille.com\/index.php\/tarifs-centre-equestre\/#breadcrumb\"},\"inLanguage\":\"fr-FR\",\"potentialAction\":[{\"@type\":\"ReadAction\",\"target\":[\"http:\/\/harasdumille.com\/index.php\/tarifs-centre-equestre\/\"]}]},{\"@type\":\"BreadcrumbList\",\"@id\":\"http:\/\/harasdumille.com\/index.php\/tarifs-centre-equestre\/#breadcrumb\",\"itemListElement\":[{\"@type\":\"ListItem\",\"position\":1,\"name\":\"Accueil\",\"item\":\"https:\/\/harasdumille.com\/\"},{\"@type\":\"ListItem\",\"position\":2,\"name\":\"Tarifs 2025 -2026\"}]}]}<\/script>\n<!-- \/ Yoast SEO plugin. -->","yoast_head_json":{"title":"Tarifs 2025 -2026 Haras du Mille Centre \u00e9questre \u00e0 Pfaffenhoffen","description":"Les tarifs de votre centre \u00e9questre Haras du Mille \u00e0 Pfaffenhoffen : baby poney, poney club, cours d'\u00e9quitation d\u00e9butant et comp\u00e9tition.","robots":{"index":"index","follow":"follow","max-snippet":"max-snippet:-1","max-image-preview":"max-image-preview:large","max-video-preview":"max-video-preview:-1"},"canonical":"http:\/\/harasdumille.com\/index.php\/tarifs-centre-equestre\/","og_locale":"fr_FR","og_type":"article","og_title":"Tarifs 2025 -2026 Haras du Mille Centre \u00e9questre \u00e0 Pfaffenhoffen","og_description":"Les tarifs de votre centre \u00e9questre Haras du Mille \u00e0 Pfaffenhoffen : baby poney, poney club, cours d'\u00e9quitation d\u00e9butant et comp\u00e9tition.","og_url":"http:\/\/harasdumille.com\/index.php\/tarifs-centre-equestre\/","og_site_name":"Haras du Mille Centre \u00e9questre","article_modified_time":"2025-08-20T07:52:01+00:00","og_image":[{"width":1972,"height":540,"url":"http:\/\/harasdumille.com\/wp-content\/uploads\/2021\/04\/site-internet-poney-club.png","path":"\/home\/harasdum\/www\/wp-content\/uploads\/2021\/04\/site-internet-poney-club.png","size":"full","id":526,"alt":"centre \u00e9questre","pixels":1064880,"type":"image\/png"}],"twitter_card":"summary_large_image","twitter_misc":{"Dur\u00e9e de lecture est.":"3 minutes"},"schema":{"@context":"https:\/\/schema.org","@graph":[{"@type":"WebSite","@id":"https:\/\/harasdumille.com\/#website","url":"https:\/\/harasdumille.com\/","name":"Haras du Mille Centre \u00e9questre","description":"","potentialAction":[{"@type":"SearchAction","target":{"@type":"EntryPoint","urlTemplate":"https:\/\/harasdumille.com\/?s={search_term_string}"},"query-input":"required name=search_term_string"}],"inLanguage":"fr-FR"},{"@type":"ImageObject","@id":"http:\/\/harasdumille.com\/index.php\/tarifs-centre-equestre\/#primaryimage","inLanguage":"fr-FR","url":"https:\/\/harasdumille.com\/wp-content\/uploads\/2021\/04\/site-internet-poney-club.png","contentUrl":"https:\/\/harasdumille.com\/wp-content\/uploads\/2021\/04\/site-internet-poney-club.png","width":1972,"height":540,"caption":"centre \u00e9questre"},{"@type":"WebPage","@id":"http:\/\/harasdumille.com\/index.php\/tarifs-centre-equestre\/#webpage","url":"http:\/\/harasdumille.com\/index.php\/tarifs-centre-equestre\/","name":"Tarifs 2025 -2026 Haras du Mille Centre \u00e9questre \u00e0 Pfaffenhoffen","isPartOf":{"@id":"https:\/\/harasdumille.com\/#website"},"primaryImageOfPage":{"@id":"http:\/\/harasdumille.com\/index.php\/tarifs-centre-equestre\/#primaryimage"},"datePublished":"2018-09-05T21:59:20+00:00","dateModified":"2025-08-20T07:52:01+00:00","description":"Les tarifs de votre centre \u00e9questre Haras du Mille \u00e0 Pfaffenhoffen : baby poney, poney club, cours d'\u00e9quitation d\u00e9butant et comp\u00e9tition.","breadcrumb":{"@id":"http:\/\/harasdumille.com\/index.php\/tarifs-centre-equestre\/#breadcrumb"},"inLanguage":"fr-FR","potentialAction":[{"@type":"ReadAction","target":["http:\/\/harasdumille.com\/index.php\/tarifs-centre-equestre\/"]}]},{"@type":"BreadcrumbList","@id":"http:\/\/harasdumille.com\/index.php\/tarifs-centre-equestre\/#breadcrumb","itemListElement":[{"@type":"ListItem","position":1,"name":"Accueil","item":"https:\/\/harasdumille.com\/"},{"@type":"ListItem","position":2,"name":"Tarifs 2025 -2026"}]}]}},"_links":{"self":[{"href":"https:\/\/harasdumille.com\/index.php\/wp-json\/wp\/v2\/pages\/212"}],"collection":[{"href":"https:\/\/harasdumille.com\/index.php\/wp-json\/wp\/v2\/pages"}],"about":[{"href":"https:\/\/harasdumille.com\/index.php\/wp-json\/wp\/v2\/types\/page"}],"author":[{"embeddable":true,"href":"https:\/\/harasdumille.com\/index.php\/wp-json\/wp\/v2\/users\/1"}],"replies":[{"embeddable":true,"href":"https:\/\/harasdumille.com\/index.php\/wp-json\/wp\/v2\/comments?post=212"}],"version-history":[{"count":22,"href":"https:\/\/harasdumille.com\/index.php\/wp-json\/wp\/v2\/pages\/212\/revisions"}],"predecessor-version":[{"id":813,"href":"https:\/\/harasdumille.com\/index.php\/wp-json\/wp\/v2\/pages\/212\/revisions\/813"}],"wp:featuredmedia":[{"embeddable":true,"href":"https:\/\/harasdumille.com\/index.php\/wp-json\/wp\/v2\/media\/526"}],"wp:attachment":[{"href":"https:\/\/harasdumille.com\/index.php\/wp-json\/wp\/v2\/media?parent=212"}],"curies":[{"name":"wp","href":"https:\/\/api.w.org\/{rel}","templated":true}]}}