{"id":522,"date":"2021-04-29T23:24:07","date_gmt":"2021-04-29T21:24:07","guid":{"rendered":"http:\/\/harasdumille.com\/?page_id=522"},"modified":"2024-09-11T15:26:32","modified_gmt":"2024-09-11T13:26:32","slug":"baby-poney-a-pfaffenhoffen","status":"publish","type":"page","link":"https:\/\/harasdumille.com\/index.php\/poney-club\/baby-poney-a-pfaffenhoffen\/","title":{"rendered":"Baby Poney \u00e0 Pfaffenhoffen"},"content":{"rendered":"\n<h2>BABY PONEY dans votre centre \u00e9questre Haras du Mille \u00e0 Pfaffenhoffen<\/h2>\n\n\n\n<h3>Mardi \u00e0 17:30, vendredi \u00e0 16:45 et Samedi de 10h00 \u00e0 11h00<\/h3>\n\n\n\n<p>Nous sommes tr\u00e8s heureux de vous proposer chaque mercredi et chaque samedi des cous de Baby Poney dans votre Centre \u00e9questre Haras du Mille \u00e0 Pfaffenhoffen.<\/p>\n\n\n\n<p>A partir de 3 ans, nous vous proposons une activit\u00e9 BABY PONEY chaque semaine sur 2 cr\u00e9neaux diff\u00e9rents. Cette activit\u00e9 est ouverte aux non membres du club ainsi qu&rsquo;aux non licenci\u00e9s. De ce fait, cette formule est souple car elle est sans engagement. Vous pouvez inscrire votre enfant semaine apr\u00e8s semaine par t\u00e9l\u00e9phone ou directement via le page Facebook. <\/p>\n\n\n\n<p>Et pour le bien \u00eatre des enfants, comme des parents, vous \u00eates pr\u00e9sents et \u00e0 c\u00f4t\u00e9 de vos enfants pendant toute la dur\u00e9e du cours.<\/p>\n\n\n\n<p>Mercredi de 10h00 \u00e0 11h00 et le Samedi de 10H00 \u00e0 11H00, au Tarif de 15\u20ac la s\u00e9ance (carte de 5 s\u00e9ances \u00e0 75\u20ac). Ces cours sont sans engagement et le nombre de place est limit\u00e9. <\/p>\n\n\n\n<h3>Comment sont organis\u00e9s les cours baby poney au centre \u00e9questre Haras du Mille \u00e0 Pfaffenhoffen ? <\/h3>\n\n\n\n<p>Les cours de baby poney au Haras du Mille \u00e0 Pfaffenhoffen sont ouverts aux enfant \u00e0 partir de 3 ans. Ils sont organis\u00e9s de mani\u00e8re \u00e0 ce que chaque enfant puisse profiter de ce moment unique avec ses parents et le poney. Nous leur apprenons les premi\u00e8res bases de l&rsquo;\u00e9quitation ainsi que les premi\u00e8res valeurs de ce sport, telles que le respect des poneys, l&rsquo;\u00e9coute, la patiente, le respect des consignes, la s\u00e9curit\u00e9, l&rsquo;attention port\u00e9e aux autres cavaliers. Les moniteurs qui encadrent les cours de baby poney sont tous dipl\u00f4m\u00e9s. Nous veillons \u00e0 ce que chaque le\u00e7on soit un plaisir pour les enfants, pour les parents et pour les poneys. <br><\/p>\n\n\n\n<p class=\"has-large-font-size\"><strong>RENSEIGNEMENTS ET INSCRIPTIONS au sujet des cours de Baby Poney : <a href=\"tel:0683840576\">06 83 84 05 76<\/a><\/strong><\/p>\n\n\n\n<h2>TARIFS &amp; CR\u00c9NEAUX 2024\/2025 <\/h2>\n\n\n\n<p>Pour conna\u00eetre tous nos tarifs 2024 &#8211; 2025 et tous nos cr\u00e9neaux du centre \u00e9questre de Pfaffenhoffen, nous vous invitons \u00e0 cliquez sur ce <a href=\"http:\/\/harasdumille.com\/index.php\/tarifs-centre-equestre\/\">lien<\/a>. Vous serez en effet redirig\u00e9s vers notre page tarifs et cr\u00e9neaux 2024\/2025. <\/p>\n\n\n\n<p>Nous proposons en plus des cours baby poney, des cours d&rsquo;\u00e9quitation pour adultes d\u00e9butants. De m\u00eame, nous proposons des cours comp\u00e9tition et des cours d&rsquo;\u00e9quitation allant du galop 1 au galop 2.<\/p>\n\n\n\n<p>Toute l&rsquo;\u00e9quipe du Haras du Mille, votre poney club \u00e0 Pfaffenhoffen, reste \u00e0 votre enti\u00e8re disposition. Nous sommes \u00e0 votre \u00e9coute et vous invitons \u00e0 nous poser toutes les questions que vous jugerez compl\u00e9mentaires.<\/p>\n\n\n\n<div class=\"wp-block-columns\">\n<div class=\"wp-block-column\">\n<figure class=\"wp-block-image size-full\"><img loading=\"lazy\" width=\"720\" height=\"960\" src=\"http:\/\/harasdumille.com\/wp-content\/uploads\/2018\/09\/harasdumille9.jpg\" alt=\"\" class=\"wp-image-307\" srcset=\"https:\/\/harasdumille.com\/wp-content\/uploads\/2018\/09\/harasdumille9.jpg 720w, https:\/\/harasdumille.com\/wp-content\/uploads\/2018\/09\/harasdumille9-225x300.jpg 225w\" sizes=\"(max-width: 720px) 100vw, 720px\" \/><\/figure>\n<\/div>\n\n\n\n<div class=\"wp-block-column\">\n<figure class=\"wp-block-image size-full\"><img loading=\"lazy\" width=\"720\" height=\"960\" src=\"http:\/\/harasdumille.com\/wp-content\/uploads\/2018\/09\/harasdumille3.jpg\" alt=\"cours d'\u00e9quitation haguenau\" class=\"wp-image-305\" srcset=\"https:\/\/harasdumille.com\/wp-content\/uploads\/2018\/09\/harasdumille3.jpg 720w, https:\/\/harasdumille.com\/wp-content\/uploads\/2018\/09\/harasdumille3-225x300.jpg 225w\" sizes=\"(max-width: 720px) 100vw, 720px\" \/><\/figure>\n<\/div>\n\n\n\n<div class=\"wp-block-column\">\n<figure class=\"wp-block-image size-large\"><img loading=\"lazy\" width=\"768\" height=\"1024\" src=\"http:\/\/harasdumille.com\/wp-content\/uploads\/2021\/04\/WhatsApp-Image-2021-04-03-at-09.18.38-1-768x1024.jpeg\" alt=\"stage \u00e9questre\" class=\"wp-image-512\"\/><\/figure>\n<\/div>\n<\/div>\n\n\n\n<p> <br><\/p>\n","protected":false},"excerpt":{"rendered":"<p>BABY PONEY dans votre centre \u00e9questre Haras du Mille \u00e0 Pfaffenhoffen Mardi \u00e0 17:30, vendredi \u00e0 16:45 et Samedi de 10h00 \u00e0 11h00 Nous sommes tr\u00e8s heureux de vous proposer chaque mercredi et chaque samedi des cous de Baby Poney dans votre Centre \u00e9questre Haras du Mille \u00e0 Pfaffenhoffen. A<a href=\"https:\/\/harasdumille.com\/index.php\/poney-club\/baby-poney-a-pfaffenhoffen\/\" class=\"read-more\">Read More<\/a><\/p>\n","protected":false},"author":1,"featured_media":526,"parent":113,"menu_order":0,"comment_status":"closed","ping_status":"closed","template":"","meta":[],"yoast_head":"<!-- This site is optimized with the Yoast SEO plugin v17.0 - https:\/\/yoast.com\/wordpress\/plugins\/seo\/ -->\n<title>Baby Poney \u00e0 Pfaffenhoffen Haras du Mille Centre \u00e9questre<\/title>\n<meta name=\"description\" content=\"D\u00e9couvrez nos s\u00e9ances Baby Poney \u00e0 Pfaffenhoffen les mercredis et samedis au Centre \u00e9questre Haras du Mille.\" \/>\n<meta name=\"robots\" content=\"index, follow, max-snippet:-1, max-image-preview:large, max-video-preview:-1\" \/>\n<link rel=\"canonical\" href=\"https:\/\/harasdumille.com\/index.php\/poney-club\/baby-poney-a-pfaffenhoffen\/\" \/>\n<meta property=\"og:locale\" content=\"fr_FR\" \/>\n<meta property=\"og:type\" content=\"article\" \/>\n<meta property=\"og:title\" content=\"Baby Poney \u00e0 Pfaffenhoffen Haras du Mille Centre \u00e9questre\" \/>\n<meta property=\"og:description\" content=\"D\u00e9couvrez nos s\u00e9ances Baby Poney \u00e0 Pfaffenhoffen les mercredis et samedis au Centre \u00e9questre Haras du Mille.\" \/>\n<meta property=\"og:url\" content=\"https:\/\/harasdumille.com\/index.php\/poney-club\/baby-poney-a-pfaffenhoffen\/\" \/>\n<meta property=\"og:site_name\" content=\"Haras du Mille Centre \u00e9questre\" \/>\n<meta property=\"article:modified_time\" content=\"2024-09-11T13:26:32+00:00\" \/>\n<meta property=\"og:image\" content=\"http:\/\/harasdumille.com\/wp-content\/uploads\/2021\/04\/site-internet-poney-club.png\" \/>\n\t<meta property=\"og:image:width\" content=\"1972\" \/>\n\t<meta property=\"og:image:height\" content=\"540\" \/>\n<meta name=\"twitter:card\" content=\"summary_large_image\" \/>\n<meta name=\"twitter:label1\" content=\"Dur\u00e9e de lecture est.\" \/>\n\t<meta name=\"twitter:data1\" content=\"3 minutes\" \/>\n<script type=\"application\/ld+json\" class=\"yoast-schema-graph\">{\"@context\":\"https:\/\/schema.org\",\"@graph\":[{\"@type\":\"WebSite\",\"@id\":\"https:\/\/harasdumille.com\/#website\",\"url\":\"https:\/\/harasdumille.com\/\",\"name\":\"Haras du Mille Centre \\u00e9questre\",\"description\":\"\",\"potentialAction\":[{\"@type\":\"SearchAction\",\"target\":{\"@type\":\"EntryPoint\",\"urlTemplate\":\"https:\/\/harasdumille.com\/?s={search_term_string}\"},\"query-input\":\"required name=search_term_string\"}],\"inLanguage\":\"fr-FR\"},{\"@type\":\"ImageObject\",\"@id\":\"https:\/\/harasdumille.com\/index.php\/poney-club\/baby-poney-a-pfaffenhoffen\/#primaryimage\",\"inLanguage\":\"fr-FR\",\"url\":\"https:\/\/harasdumille.com\/wp-content\/uploads\/2021\/04\/site-internet-poney-club.png\",\"contentUrl\":\"https:\/\/harasdumille.com\/wp-content\/uploads\/2021\/04\/site-internet-poney-club.png\",\"width\":1972,\"height\":540,\"caption\":\"centre \\u00e9questre\"},{\"@type\":\"WebPage\",\"@id\":\"https:\/\/harasdumille.com\/index.php\/poney-club\/baby-poney-a-pfaffenhoffen\/#webpage\",\"url\":\"https:\/\/harasdumille.com\/index.php\/poney-club\/baby-poney-a-pfaffenhoffen\/\",\"name\":\"Baby Poney \\u00e0 Pfaffenhoffen Haras du Mille Centre \\u00e9questre\",\"isPartOf\":{\"@id\":\"https:\/\/harasdumille.com\/#website\"},\"primaryImageOfPage\":{\"@id\":\"https:\/\/harasdumille.com\/index.php\/poney-club\/baby-poney-a-pfaffenhoffen\/#primaryimage\"},\"datePublished\":\"2021-04-29T21:24:07+00:00\",\"dateModified\":\"2024-09-11T13:26:32+00:00\",\"description\":\"D\\u00e9couvrez nos s\\u00e9ances Baby Poney \\u00e0 Pfaffenhoffen les mercredis et samedis au Centre \\u00e9questre Haras du Mille.\",\"breadcrumb\":{\"@id\":\"https:\/\/harasdumille.com\/index.php\/poney-club\/baby-poney-a-pfaffenhoffen\/#breadcrumb\"},\"inLanguage\":\"fr-FR\",\"potentialAction\":[{\"@type\":\"ReadAction\",\"target\":[\"https:\/\/harasdumille.com\/index.php\/poney-club\/baby-poney-a-pfaffenhoffen\/\"]}]},{\"@type\":\"BreadcrumbList\",\"@id\":\"https:\/\/harasdumille.com\/index.php\/poney-club\/baby-poney-a-pfaffenhoffen\/#breadcrumb\",\"itemListElement\":[{\"@type\":\"ListItem\",\"position\":1,\"name\":\"Accueil\",\"item\":\"https:\/\/harasdumille.com\/\"},{\"@type\":\"ListItem\",\"position\":2,\"name\":\"PONEY CLUB\",\"item\":\"https:\/\/harasdumille.com\/index.php\/poney-club\/\"},{\"@type\":\"ListItem\",\"position\":3,\"name\":\"Baby Poney \\u00e0 Pfaffenhoffen\"}]}]}<\/script>\n<!-- \/ Yoast SEO plugin. -->","yoast_head_json":{"title":"Baby Poney \u00e0 Pfaffenhoffen Haras du Mille Centre \u00e9questre","description":"D\u00e9couvrez nos s\u00e9ances Baby Poney \u00e0 Pfaffenhoffen les mercredis et samedis au Centre \u00e9questre Haras du Mille.","robots":{"index":"index","follow":"follow","max-snippet":"max-snippet:-1","max-image-preview":"max-image-preview:large","max-video-preview":"max-video-preview:-1"},"canonical":"https:\/\/harasdumille.com\/index.php\/poney-club\/baby-poney-a-pfaffenhoffen\/","og_locale":"fr_FR","og_type":"article","og_title":"Baby Poney \u00e0 Pfaffenhoffen Haras du Mille Centre \u00e9questre","og_description":"D\u00e9couvrez nos s\u00e9ances Baby Poney \u00e0 Pfaffenhoffen les mercredis et samedis au Centre \u00e9questre Haras du Mille.","og_url":"https:\/\/harasdumille.com\/index.php\/poney-club\/baby-poney-a-pfaffenhoffen\/","og_site_name":"Haras du Mille Centre \u00e9questre","article_modified_time":"2024-09-11T13:26:32+00:00","og_image":[{"width":1972,"height":540,"url":"http:\/\/harasdumille.com\/wp-content\/uploads\/2021\/04\/site-internet-poney-club.png","path":"\/home\/harasdum\/www\/wp-content\/uploads\/2021\/04\/site-internet-poney-club.png","size":"full","id":526,"alt":"centre \u00e9questre","pixels":1064880,"type":"image\/png"}],"twitter_card":"summary_large_image","twitter_misc":{"Dur\u00e9e de lecture est.":"3 minutes"},"schema":{"@context":"https:\/\/schema.org","@graph":[{"@type":"WebSite","@id":"https:\/\/harasdumille.com\/#website","url":"https:\/\/harasdumille.com\/","name":"Haras du Mille Centre \u00e9questre","description":"","potentialAction":[{"@type":"SearchAction","target":{"@type":"EntryPoint","urlTemplate":"https:\/\/harasdumille.com\/?s={search_term_string}"},"query-input":"required name=search_term_string"}],"inLanguage":"fr-FR"},{"@type":"ImageObject","@id":"https:\/\/harasdumille.com\/index.php\/poney-club\/baby-poney-a-pfaffenhoffen\/#primaryimage","inLanguage":"fr-FR","url":"https:\/\/harasdumille.com\/wp-content\/uploads\/2021\/04\/site-internet-poney-club.png","contentUrl":"https:\/\/harasdumille.com\/wp-content\/uploads\/2021\/04\/site-internet-poney-club.png","width":1972,"height":540,"caption":"centre \u00e9questre"},{"@type":"WebPage","@id":"https:\/\/harasdumille.com\/index.php\/poney-club\/baby-poney-a-pfaffenhoffen\/#webpage","url":"https:\/\/harasdumille.com\/index.php\/poney-club\/baby-poney-a-pfaffenhoffen\/","name":"Baby Poney \u00e0 Pfaffenhoffen Haras du Mille Centre \u00e9questre","isPartOf":{"@id":"https:\/\/harasdumille.com\/#website"},"primaryImageOfPage":{"@id":"https:\/\/harasdumille.com\/index.php\/poney-club\/baby-poney-a-pfaffenhoffen\/#primaryimage"},"datePublished":"2021-04-29T21:24:07+00:00","dateModified":"2024-09-11T13:26:32+00:00","description":"D\u00e9couvrez nos s\u00e9ances Baby Poney \u00e0 Pfaffenhoffen les mercredis et samedis au Centre \u00e9questre Haras du Mille.","breadcrumb":{"@id":"https:\/\/harasdumille.com\/index.php\/poney-club\/baby-poney-a-pfaffenhoffen\/#breadcrumb"},"inLanguage":"fr-FR","potentialAction":[{"@type":"ReadAction","target":["https:\/\/harasdumille.com\/index.php\/poney-club\/baby-poney-a-pfaffenhoffen\/"]}]},{"@type":"BreadcrumbList","@id":"https:\/\/harasdumille.com\/index.php\/poney-club\/baby-poney-a-pfaffenhoffen\/#breadcrumb","itemListElement":[{"@type":"ListItem","position":1,"name":"Accueil","item":"https:\/\/harasdumille.com\/"},{"@type":"ListItem","position":2,"name":"PONEY CLUB","item":"https:\/\/harasdumille.com\/index.php\/poney-club\/"},{"@type":"ListItem","position":3,"name":"Baby Poney \u00e0 Pfaffenhoffen"}]}]}},"_links":{"self":[{"href":"https:\/\/harasdumille.com\/index.php\/wp-json\/wp\/v2\/pages\/522"}],"collection":[{"href":"https:\/\/harasdumille.com\/index.php\/wp-json\/wp\/v2\/pages"}],"about":[{"href":"https:\/\/harasdumille.com\/index.php\/wp-json\/wp\/v2\/types\/page"}],"author":[{"embeddable":true,"href":"https:\/\/harasdumille.com\/index.php\/wp-json\/wp\/v2\/users\/1"}],"replies":[{"embeddable":true,"href":"https:\/\/harasdumille.com\/index.php\/wp-json\/wp\/v2\/comments?post=522"}],"version-history":[{"count":8,"href":"https:\/\/harasdumille.com\/index.php\/wp-json\/wp\/v2\/pages\/522\/revisions"}],"predecessor-version":[{"id":782,"href":"https:\/\/harasdumille.com\/index.php\/wp-json\/wp\/v2\/pages\/522\/revisions\/782"}],"up":[{"embeddable":true,"href":"https:\/\/harasdumille.com\/index.php\/wp-json\/wp\/v2\/pages\/113"}],"wp:featuredmedia":[{"embeddable":true,"href":"https:\/\/harasdumille.com\/index.php\/wp-json\/wp\/v2\/media\/526"}],"wp:attachment":[{"href":"https:\/\/harasdumille.com\/index.php\/wp-json\/wp\/v2\/media?parent=522"}],"curies":[{"name":"wp","href":"https:\/\/api.w.org\/{rel}","templated":true}]}}