{"id":535,"date":"2021-05-12T20:28:19","date_gmt":"2021-05-12T18:28:19","guid":{"rendered":"http:\/\/harasdumille.com\/?page_id=535"},"modified":"2025-08-20T09:55:47","modified_gmt":"2025-08-20T07:55:47","slug":"cours-dequitation-pour-adultes","status":"publish","type":"page","link":"https:\/\/harasdumille.com\/index.php\/cours-dequitation-pour-adultes\/","title":{"rendered":"Cours d&rsquo;\u00e9quitation pour adulte"},"content":{"rendered":"\n<h1>COURS D&rsquo;\u00c9QUITATION POUR ADULTES pr\u00e8s d&rsquo;Haguenau au Centre \u00e9questre Haras du Mille.<\/h1>\n\n\n\n<p>Votre centre \u00e9questre \u00e0 Pfaffenhoffen, \u00e0 c\u00f4t\u00e9 d&rsquo;Haguenau, vous propose des cours d&rsquo;\u00e9quitation pour Adultes d\u00e9butants tous les mardis soirs.<\/p>\n\n\n\n<blockquote class=\"wp-block-quote\"><p>Vous souhaitez commencer l&rsquo;\u00e9quitation ? Vous \u00eates d\u00e9butants et avez toujours voulu monter \u00e0 cheval ? Vous pouvez vous inscrire au cours d&rsquo;\u00e9quitation pour Adultes par t\u00e9l\u00e9phone au <a href=\"http:\/\/harasdumille.com\/index.php\/contact\/\">06 83 84 05 76 ou par mail. <\/a><\/p><p><\/p><\/blockquote>\n\n\n\n<p class=\"has-medium-font-size\">Les cours sont propos\u00e9s le vendredi soir de 18h45 \u00e0 19h45, dans votre centre Haras du Mille \u00e0 Pfaffenhoffen. <br><\/p>\n\n\n\n<p class=\"has-huge-font-size\">TARIF : \u00c0 PARTIR DE 20\u20ac*<\/p>\n\n\n\n<p>*19\u20ac tarif avec engagement annuel, se r\u00e9f\u00e9rer \u00e0 nos tarifs, formule d\u00e9couverte pour les + de 18ans : 3 s\u00e9ances d\u00e9couvertes = 75\u20ac (sans abonnement annuel et sans adh\u00e9sion, jusqu&rsquo;au 31 d\u00e9cembre 2025).<\/p>\n\n\n\n<h2>Comment est organis\u00e9 un cours d&rsquo;\u00e9quitation pour adulte au centre \u00e9questre Haras du Mille ? <\/h2>\n\n\n\n<p>Nos cours d&rsquo;\u00e9quitation pour adultes sont construits afin que vous puissiez entrer facilement en contact avec les chevaux. <\/p>\n\n\n\n<p>Tout d&rsquo;abord, les premi\u00e8res bases de l&rsquo;\u00e9quitation vous sont apprises tant pour les soins que pour la prise en main du cheval. <\/p>\n\n\n\n<p>Ensuite, vous apprendrez les soins de bases \u00e0 apporter aux chevaux avant et apr\u00e8s le cours d&rsquo;\u00e9quitation : brosser et seller son cheval par exemple.<\/p>\n\n\n\n<p>Apr\u00e8s, un travail \u00e0 pied vous est ensuite propos\u00e9 pour prendre confiance avec l&rsquo;animal et entrer en relation avec lui. <\/p>\n\n\n\n<p>Par la suite, vous allez apprendre \u00e0 monter et \u00e0 guider votre cheval \u00e0 plusieurs allures afin de respecter le rythme de chacun dans un objectif de loisirs.<\/p>\n\n\n\n<p>Enfin, nous aurons plaisir \u00e0 vous accueillir pour vous faire d\u00e9couvrir la pratique de l&rsquo;\u00e9quitation, ouverte \u00e0 tous, enfants comme adultes. <\/p>\n\n\n\n<ul><li><a href=\"http:\/\/harasdumille.com\/index.php\/poney-club\/baby-poney-a-pfaffenhoffen\/\">Vendredi 16:45 et samedi 17h00:  15\u20ac<\/a><\/li><li><a href=\"http:\/\/harasdumille.com\/index.php\/poney-club\/\">Ecole d&rsquo;\u00e9quitation &amp; Poney Club &#8211; 2025\/26<\/a><\/li><li><a href=\"http:\/\/harasdumille.com\/index.php\/pension\/\">Pension \u00e9quine &#8211; Tarifs et Renseignements<\/a><\/li><\/ul>\n\n\n\n<figure class=\"wp-block-gallery columns-4 is-cropped\"><ul class=\"blocks-gallery-grid\"><li class=\"blocks-gallery-item\"><figure><img loading=\"lazy\" width=\"768\" height=\"1024\" src=\"http:\/\/harasdumille.com\/wp-content\/uploads\/2021\/04\/WhatsApp-Image-2021-04-03-at-09.18.38-1-768x1024.jpeg\" alt=\"\" data-id=\"512\" data-link=\"http:\/\/harasdumille.com\/index.php\/2021\/04\/03\/chasse-aux-oeufs-dans-votre-centre-equestre-a-pfaffenhoffen\/whatsapp-image-2021-04-03-at-09-18-38-1\/\" class=\"wp-image-512\"\/><\/figure><\/li><li class=\"blocks-gallery-item\"><figure><img loading=\"lazy\" width=\"1024\" height=\"768\" src=\"http:\/\/harasdumille.com\/wp-content\/uploads\/2018\/09\/IMG_0052-1024x768.jpg\" alt=\"\" data-id=\"278\" data-link=\"http:\/\/harasdumille.com\/img_0052\/\" class=\"wp-image-278\" srcset=\"https:\/\/harasdumille.com\/wp-content\/uploads\/2018\/09\/IMG_0052-1024x768.jpg 1024w, https:\/\/harasdumille.com\/wp-content\/uploads\/2018\/09\/IMG_0052-300x225.jpg 300w, https:\/\/harasdumille.com\/wp-content\/uploads\/2018\/09\/IMG_0052-768x576.jpg 768w\" sizes=\"(max-width: 1024px) 100vw, 1024px\" \/><\/figure><\/li><li class=\"blocks-gallery-item\"><figure><img loading=\"lazy\" width=\"205\" height=\"300\" src=\"http:\/\/harasdumille.com\/wp-content\/uploads\/2018\/09\/13178893_10154217854729645_6773119014444067443_n-e1554885834514.jpg\" alt=\"\" data-id=\"250\" data-link=\"http:\/\/harasdumille.com\/13178893_10154217854729645_6773119014444067443_n\/\" class=\"wp-image-250\"\/><\/figure><\/li><li class=\"blocks-gallery-item\"><figure><img loading=\"lazy\" width=\"400\" height=\"266\" src=\"http:\/\/harasdumille.com\/wp-content\/uploads\/2019\/04\/equipe_concours_NB-e1554886970781.jpg\" alt=\"\" data-id=\"350\" data-link=\"http:\/\/harasdumille.com\/equipe_concours_nb\/\" class=\"wp-image-350\"\/><\/figure><\/li><li class=\"blocks-gallery-item\"><figure><img loading=\"lazy\" width=\"1024\" height=\"681\" src=\"http:\/\/harasdumille.com\/wp-content\/uploads\/2018\/09\/DSC_0120-1024x681.jpg\" alt=\"\" data-id=\"303\" data-link=\"http:\/\/harasdumille.com\/dsc_0120\/\" class=\"wp-image-303\"\/><\/figure><\/li><li class=\"blocks-gallery-item\"><figure><img loading=\"lazy\" width=\"400\" height=\"267\" src=\"http:\/\/harasdumille.com\/wp-content\/uploads\/2018\/09\/t\u00e9l\u00e9chargement_jdc-e1536837363120.jpeg\" alt=\"\" data-id=\"261\" data-link=\"http:\/\/harasdumille.com\/telechargement_jdc\/\" class=\"wp-image-261\"\/><\/figure><\/li><li class=\"blocks-gallery-item\"><figure><img loading=\"lazy\" width=\"960\" height=\"720\" src=\"http:\/\/harasdumille.com\/wp-content\/uploads\/2018\/09\/734662_452517278141643_1281907669_n.jpg\" alt=\"\" data-id=\"248\" data-link=\"http:\/\/harasdumille.com\/734662_452517278141643_1281907669_n\/\" class=\"wp-image-248\" srcset=\"https:\/\/harasdumille.com\/wp-content\/uploads\/2018\/09\/734662_452517278141643_1281907669_n.jpg 960w, https:\/\/harasdumille.com\/wp-content\/uploads\/2018\/09\/734662_452517278141643_1281907669_n-300x225.jpg 300w, https:\/\/harasdumille.com\/wp-content\/uploads\/2018\/09\/734662_452517278141643_1281907669_n-768x576.jpg 768w\" sizes=\"(max-width: 960px) 100vw, 960px\" \/><\/figure><\/li><\/ul><\/figure>\n","protected":false},"excerpt":{"rendered":"<p>COURS D&rsquo;\u00c9QUITATION POUR ADULTES pr\u00e8s d&rsquo;Haguenau au Centre \u00e9questre Haras du Mille. Votre centre \u00e9questre \u00e0 Pfaffenhoffen, \u00e0 c\u00f4t\u00e9 d&rsquo;Haguenau, vous propose des cours d&rsquo;\u00e9quitation pour Adultes d\u00e9butants tous les mardis soirs. Vous souhaitez commencer l&rsquo;\u00e9quitation ? Vous \u00eates d\u00e9butants et avez toujours voulu monter \u00e0 cheval ? Vous pouvez<a href=\"https:\/\/harasdumille.com\/index.php\/cours-dequitation-pour-adultes\/\" class=\"read-more\">Read More<\/a><\/p>\n","protected":false},"author":1,"featured_media":526,"parent":0,"menu_order":0,"comment_status":"closed","ping_status":"closed","template":"","meta":[],"yoast_head":"<!-- This site is optimized with the Yoast SEO plugin v17.0 - https:\/\/yoast.com\/wordpress\/plugins\/seo\/ -->\n<title>Cours d&#039;\u00e9quitation pour adultes - Centre \u00e9questre Haras du Mille<\/title>\n<meta name=\"description\" content=\"Tous les mardis soirs au centre \u00e9questre de Pfaffenhoffen : Cours d&#039;\u00e9quitation pour adultes niveau d\u00e9butant. Au Haras du Mille.\" \/>\n<meta name=\"robots\" content=\"index, follow, max-snippet:-1, max-image-preview:large, max-video-preview:-1\" \/>\n<link rel=\"canonical\" href=\"https:\/\/harasdumille.com\/index.php\/cours-dequitation-pour-adultes\/\" \/>\n<meta property=\"og:locale\" content=\"fr_FR\" \/>\n<meta property=\"og:type\" content=\"article\" \/>\n<meta property=\"og:title\" content=\"Cours d&#039;\u00e9quitation pour adultes - Centre \u00e9questre Haras du Mille\" \/>\n<meta property=\"og:description\" content=\"Tous les mardis soirs au centre \u00e9questre de Pfaffenhoffen : Cours d&#039;\u00e9quitation pour adultes niveau d\u00e9butant. Au Haras du Mille.\" \/>\n<meta property=\"og:url\" content=\"https:\/\/harasdumille.com\/index.php\/cours-dequitation-pour-adultes\/\" \/>\n<meta property=\"og:site_name\" content=\"Haras du Mille Centre \u00e9questre\" \/>\n<meta property=\"article:modified_time\" content=\"2025-08-20T07:55:47+00:00\" \/>\n<meta property=\"og:image\" content=\"http:\/\/harasdumille.com\/wp-content\/uploads\/2021\/04\/site-internet-poney-club.png\" \/>\n\t<meta property=\"og:image:width\" content=\"1972\" \/>\n\t<meta property=\"og:image:height\" content=\"540\" \/>\n<meta name=\"twitter:card\" content=\"summary_large_image\" \/>\n<meta name=\"twitter:label1\" content=\"Dur\u00e9e de lecture est.\" \/>\n\t<meta name=\"twitter:data1\" content=\"3 minutes\" \/>\n<script type=\"application\/ld+json\" class=\"yoast-schema-graph\">{\"@context\":\"https:\/\/schema.org\",\"@graph\":[{\"@type\":\"WebSite\",\"@id\":\"http:\/\/harasdumille.com\/#website\",\"url\":\"http:\/\/harasdumille.com\/\",\"name\":\"Haras du Mille Centre \\u00e9questre\",\"description\":\"\",\"potentialAction\":[{\"@type\":\"SearchAction\",\"target\":{\"@type\":\"EntryPoint\",\"urlTemplate\":\"http:\/\/harasdumille.com\/?s={search_term_string}\"},\"query-input\":\"required name=search_term_string\"}],\"inLanguage\":\"fr-FR\"},{\"@type\":\"ImageObject\",\"@id\":\"https:\/\/harasdumille.com\/index.php\/cours-dequitation-pour-adultes\/#primaryimage\",\"inLanguage\":\"fr-FR\",\"url\":\"https:\/\/harasdumille.com\/wp-content\/uploads\/2021\/04\/site-internet-poney-club.png\",\"contentUrl\":\"https:\/\/harasdumille.com\/wp-content\/uploads\/2021\/04\/site-internet-poney-club.png\",\"width\":1972,\"height\":540,\"caption\":\"centre \\u00e9questre\"},{\"@type\":\"WebPage\",\"@id\":\"https:\/\/harasdumille.com\/index.php\/cours-dequitation-pour-adultes\/#webpage\",\"url\":\"https:\/\/harasdumille.com\/index.php\/cours-dequitation-pour-adultes\/\",\"name\":\"Cours d'\\u00e9quitation pour adultes - Centre \\u00e9questre Haras du Mille\",\"isPartOf\":{\"@id\":\"http:\/\/harasdumille.com\/#website\"},\"primaryImageOfPage\":{\"@id\":\"https:\/\/harasdumille.com\/index.php\/cours-dequitation-pour-adultes\/#primaryimage\"},\"datePublished\":\"2021-05-12T18:28:19+00:00\",\"dateModified\":\"2025-08-20T07:55:47+00:00\",\"description\":\"Tous les mardis soirs au centre \\u00e9questre de Pfaffenhoffen : Cours d'\\u00e9quitation pour adultes niveau d\\u00e9butant. Au Haras du Mille.\",\"breadcrumb\":{\"@id\":\"https:\/\/harasdumille.com\/index.php\/cours-dequitation-pour-adultes\/#breadcrumb\"},\"inLanguage\":\"fr-FR\",\"potentialAction\":[{\"@type\":\"ReadAction\",\"target\":[\"https:\/\/harasdumille.com\/index.php\/cours-dequitation-pour-adultes\/\"]}]},{\"@type\":\"BreadcrumbList\",\"@id\":\"https:\/\/harasdumille.com\/index.php\/cours-dequitation-pour-adultes\/#breadcrumb\",\"itemListElement\":[{\"@type\":\"ListItem\",\"position\":1,\"name\":\"Accueil\",\"item\":\"http:\/\/harasdumille.com\/\"},{\"@type\":\"ListItem\",\"position\":2,\"name\":\"Cours d&rsquo;\\u00e9quitation pour adulte\"}]}]}<\/script>\n<!-- \/ Yoast SEO plugin. -->","yoast_head_json":{"title":"Cours d'\u00e9quitation pour adultes - Centre \u00e9questre Haras du Mille","description":"Tous les mardis soirs au centre \u00e9questre de Pfaffenhoffen : Cours d'\u00e9quitation pour adultes niveau d\u00e9butant. Au Haras du Mille.","robots":{"index":"index","follow":"follow","max-snippet":"max-snippet:-1","max-image-preview":"max-image-preview:large","max-video-preview":"max-video-preview:-1"},"canonical":"https:\/\/harasdumille.com\/index.php\/cours-dequitation-pour-adultes\/","og_locale":"fr_FR","og_type":"article","og_title":"Cours d'\u00e9quitation pour adultes - Centre \u00e9questre Haras du Mille","og_description":"Tous les mardis soirs au centre \u00e9questre de Pfaffenhoffen : Cours d'\u00e9quitation pour adultes niveau d\u00e9butant. Au Haras du Mille.","og_url":"https:\/\/harasdumille.com\/index.php\/cours-dequitation-pour-adultes\/","og_site_name":"Haras du Mille Centre \u00e9questre","article_modified_time":"2025-08-20T07:55:47+00:00","og_image":[{"width":1972,"height":540,"url":"http:\/\/harasdumille.com\/wp-content\/uploads\/2021\/04\/site-internet-poney-club.png","path":"\/home\/harasdum\/www\/wp-content\/uploads\/2021\/04\/site-internet-poney-club.png","size":"full","id":526,"alt":"centre \u00e9questre","pixels":1064880,"type":"image\/png"}],"twitter_card":"summary_large_image","twitter_misc":{"Dur\u00e9e de lecture est.":"3 minutes"},"schema":{"@context":"https:\/\/schema.org","@graph":[{"@type":"WebSite","@id":"http:\/\/harasdumille.com\/#website","url":"http:\/\/harasdumille.com\/","name":"Haras du Mille Centre \u00e9questre","description":"","potentialAction":[{"@type":"SearchAction","target":{"@type":"EntryPoint","urlTemplate":"http:\/\/harasdumille.com\/?s={search_term_string}"},"query-input":"required name=search_term_string"}],"inLanguage":"fr-FR"},{"@type":"ImageObject","@id":"https:\/\/harasdumille.com\/index.php\/cours-dequitation-pour-adultes\/#primaryimage","inLanguage":"fr-FR","url":"https:\/\/harasdumille.com\/wp-content\/uploads\/2021\/04\/site-internet-poney-club.png","contentUrl":"https:\/\/harasdumille.com\/wp-content\/uploads\/2021\/04\/site-internet-poney-club.png","width":1972,"height":540,"caption":"centre \u00e9questre"},{"@type":"WebPage","@id":"https:\/\/harasdumille.com\/index.php\/cours-dequitation-pour-adultes\/#webpage","url":"https:\/\/harasdumille.com\/index.php\/cours-dequitation-pour-adultes\/","name":"Cours d'\u00e9quitation pour adultes - Centre \u00e9questre Haras du Mille","isPartOf":{"@id":"http:\/\/harasdumille.com\/#website"},"primaryImageOfPage":{"@id":"https:\/\/harasdumille.com\/index.php\/cours-dequitation-pour-adultes\/#primaryimage"},"datePublished":"2021-05-12T18:28:19+00:00","dateModified":"2025-08-20T07:55:47+00:00","description":"Tous les mardis soirs au centre \u00e9questre de Pfaffenhoffen : Cours d'\u00e9quitation pour adultes niveau d\u00e9butant. Au Haras du Mille.","breadcrumb":{"@id":"https:\/\/harasdumille.com\/index.php\/cours-dequitation-pour-adultes\/#breadcrumb"},"inLanguage":"fr-FR","potentialAction":[{"@type":"ReadAction","target":["https:\/\/harasdumille.com\/index.php\/cours-dequitation-pour-adultes\/"]}]},{"@type":"BreadcrumbList","@id":"https:\/\/harasdumille.com\/index.php\/cours-dequitation-pour-adultes\/#breadcrumb","itemListElement":[{"@type":"ListItem","position":1,"name":"Accueil","item":"http:\/\/harasdumille.com\/"},{"@type":"ListItem","position":2,"name":"Cours d&rsquo;\u00e9quitation pour adulte"}]}]}},"_links":{"self":[{"href":"https:\/\/harasdumille.com\/index.php\/wp-json\/wp\/v2\/pages\/535"}],"collection":[{"href":"https:\/\/harasdumille.com\/index.php\/wp-json\/wp\/v2\/pages"}],"about":[{"href":"https:\/\/harasdumille.com\/index.php\/wp-json\/wp\/v2\/types\/page"}],"author":[{"embeddable":true,"href":"https:\/\/harasdumille.com\/index.php\/wp-json\/wp\/v2\/users\/1"}],"replies":[{"embeddable":true,"href":"https:\/\/harasdumille.com\/index.php\/wp-json\/wp\/v2\/comments?post=535"}],"version-history":[{"count":15,"href":"https:\/\/harasdumille.com\/index.php\/wp-json\/wp\/v2\/pages\/535\/revisions"}],"predecessor-version":[{"id":817,"href":"https:\/\/harasdumille.com\/index.php\/wp-json\/wp\/v2\/pages\/535\/revisions\/817"}],"wp:featuredmedia":[{"embeddable":true,"href":"https:\/\/harasdumille.com\/index.php\/wp-json\/wp\/v2\/media\/526"}],"wp:attachment":[{"href":"https:\/\/harasdumille.com\/index.php\/wp-json\/wp\/v2\/media?parent=535"}],"curies":[{"name":"wp","href":"https:\/\/api.w.org\/{rel}","templated":true}]}}