{"id":60,"date":"2018-09-05T15:15:12","date_gmt":"2018-09-05T13:15:12","guid":{"rendered":"http:\/\/harasdumille.com\/harasdumille.com\/WP\/?page_id=60"},"modified":"2024-09-11T15:18:42","modified_gmt":"2024-09-11T13:18:42","slug":"accueil","status":"publish","type":"page","link":"https:\/\/harasdumille.com\/","title":{"rendered":"Haras du Mille : Votre centre \u00e9questre et \u00e9curie de propri\u00e9taires \u00e0 Pfaffenhoffen"},"content":{"rendered":"\n<h2>NOUVEAU CALENDRIER DES COURS D&rsquo;\u00c9QUITATION DANS VOTRE CENTRE \u00c9QUESTRE HARAS DU MILLE, \u00c0 PFAFFENHOFFEN :<\/h2>\n\n\n\n<p>Bienvenue au Centre \u00e9questre de Pfaffenhoffen, Haras du Mille.<a href=\"http:\/\/harasdumille.com\/wp-content\/uploads\/2023\/09\/Navy-and-Purple-Abstract-Best-Design-Site-Blog-Banner.pdf\"> Nous sommes ravis de vous proposer le nouveau calendrier des cours d&rsquo;\u00e9quitation 2024\/2025.<\/a> Retrouvez tous nos cours de baby poney \u00e0 galop 9 en passant par des cours adultes d\u00e9butants, ainsi que nos cours d&rsquo;\u00e9quitation comp\u00e9tition. De plus, si vous souhaitez vous pr\u00e9parer \u00e0 la comp\u00e9tition, nos vous proposons des cr\u00e9neaux individuels priv\u00e9s. <\/p>\n\n\n\n<p>Notre \u00e9quipe de moniteurs \u00e9questres sont dipl\u00f4mes, contactez-nous par mail ou t\u00e9l\u00e9phone pour tout renseignement compl\u00e9mentaire. <\/p>\n\n\n\n<p>L&rsquo;\u00e9quipe de votre centre \u00e9questre Haras du Mille.<\/p>\n\n\n\n<div class=\"wp-block-buttons\">\n<div class=\"wp-block-button has-custom-font-size is-style-outline has-normal-font-size\"><a class=\"wp-block-button__link has-black-color has-text-color\" href=\"https:\/\/haras-du-mille.cavasoft.fr\">Activit\u00e9s sur Cavasoft<\/a><\/div>\n<\/div>\n\n\n\n<h3>Planning 2024\/2025 de votre poney club \u00e0 Pfaffenhoffen : <\/h3>\n\n\n\n<p><strong>Lundi<\/strong>&nbsp;: Ferm\u00e9<\/p>\n\n\n\n<p><strong>Mercredi<\/strong>&nbsp;:&nbsp;<\/p>\n\n\n\n<ul><li>11h00 \u2013 12H00 : D\u00e9butants<\/li><li>14h00-15h00 : Galop 4 et comp\u00e9tition 1\u00e8re ann\u00e9e<\/li><li>15h00-16h00 : galop 3<\/li><li>16h00-17h00 : Galop 1 et 2<\/li><li>17h00-18h00 : comp\u00e9tition club 3 &amp; club 2<\/li><\/ul>\n\n\n\n<p><strong>Jeudi <\/strong>: Cours particuliers sur RDV<\/p>\n\n\n\n<p><strong>Vendredi\u00a0<\/strong>:<\/p>\n\n\n\n<ul><li>De 13:00 \u00e0 16:30 : Cours particuliers sur RDV<\/li><li>De 16:45 \u00e0 17:45 : Baby Poney<\/li><li>De 17:45 \u00e0 18:45 : Equitation pour les scolaires<\/li><li>De 18:45 \u00e0 19:45: Adultes tout niveau<\/li><\/ul>\n\n\n\n<p><strong>Samedi<\/strong>&nbsp;:&nbsp;<\/p>\n\n\n\n<ul><li>9h00 \u2013 10h00 : comp\u00e9tition club 1 &amp; +<\/li><li>10h \u2013 11h : Baby Poney<\/li><li>11h \u2013 12h : Galop 4 et Adultes<\/li><li>13h00-14h00 : D\u00e9butants<\/li><li>14h00-15h00 : Galop 5 et +<\/li><li>15h00-16h00 : Galop 1<\/li><li>16h00-17h00 : Galop 3<\/li><li>17h00-18h00 : Galop 2<\/li><\/ul>\n\n\n\n<p><strong>Dimanche<\/strong>&nbsp;: Concours et activit\u00e9s diverses<\/p>\n\n\n\n<blockquote class=\"wp-block-quote\"><p>Le Baby Poney se fait sur inscription par t\u00e9l\u00e9phone ou message : <a href=\"tel:0683840576\">06 83 84 05 76<\/a><\/p><p>De plus, nous vous proposons aussi une formule d\u00e9couverte : 3 s\u00e9ances d\u00e9couverts = 60\u20ac (pour les &#8211; de 18 ans).<\/p><\/blockquote>\n\n\n\n<p>Le Haras du Mille c&rsquo;est avant tout un lieu d\u00e9di\u00e9 aux chevaux, aux cavaliers, jeunes ou adultes, un lieu d&rsquo;\u00e9changes, d&rsquo;apprentissage et de vie.<\/p>\n\n\n\n<p>Le Haras du Mille vous propose &nbsp;ainsi des cours d&rsquo;\u00e9quitation, du baby poney, au poney club, jusqu&rsquo;au galop 9 et aux cours priv\u00e9s. Nous vous proposons aussi des forfait pension pour vos chevaux et une \u00e9curie de propri\u00e9taires.<\/p>\n\n\n\n<p>Vous pouvez, avec l&rsquo;\u00e9quipe du Haras du Mille vous pr\u00e9parer aux concours \u00e9questres, gr\u00e2ce au coaching individuel ainsi qu&rsquo;aux stages qui sont propos\u00e9s tout au long de l&rsquo;ann\u00e9e.<\/p>\n\n\n\n<p>Les tarifs des cours individuels, du poney club, de la pension \u00e9questre, des coachings et autres prestations \u00e9questres, sont propos\u00e9s sur la page <a href=\"http:\/\/harasdumille.com\/index.php\/tarifs\/\">Tarifs<\/a>.<\/p>\n\n\n\n<p>Le Haras du Mille vous propose tout au long de l&rsquo;ann\u00e9e des balades \u00e0 cheval en for\u00eat ainsi que des cours d&rsquo;\u00e9quitation pour adultes d\u00e9butants. Pour en savoir plus vous pouvez vous rendre sur la page <a href=\"http:\/\/harasdumille.com\/index.php\/tarifs\/\">Tarifs<\/a>.<\/p>\n\n\n\n<p>De plus, nos infrastructures permettent un accueil privil\u00e9gi\u00e9 et qualitatif tant pour les cavaliers que pour les chevaux.<\/p>\n\n\n\n<p>Enfin, our les groupes, les entreprises, les ballades \u00e0 cheval vous pouvez nous contacter directement <a href=\"http:\/\/harasdumille.com\/index.php\/contact\/\">par t\u00e9l\u00e9phone ou par mail&nbsp;<\/a><\/p>\n","protected":false},"excerpt":{"rendered":"<p>NOUVEAU CALENDRIER DES COURS D&rsquo;\u00c9QUITATION DANS VOTRE CENTRE \u00c9QUESTRE HARAS DU MILLE, \u00c0 PFAFFENHOFFEN : Bienvenue au Centre \u00e9questre de Pfaffenhoffen, Haras du Mille. Nous sommes ravis de vous proposer le nouveau calendrier des cours d&rsquo;\u00e9quitation 2024\/2025. Retrouvez tous nos cours de baby poney \u00e0 galop 9 en passant par<a href=\"https:\/\/harasdumille.com\/\" class=\"read-more\">Read More<\/a><\/p>\n","protected":false},"author":1,"featured_media":0,"parent":0,"menu_order":0,"comment_status":"closed","ping_status":"closed","template":"","meta":[],"yoast_head":"<!-- This site is optimized with the Yoast SEO plugin v17.0 - https:\/\/yoast.com\/wordpress\/plugins\/seo\/ -->\n<title>Centre \u00c9questre et \u00e9cole d&#039;\u00e9quitation Haras du Mille \u00e0 Pfaffenhoffen<\/title>\n<meta name=\"description\" content=\"Haras du Mille votre centre \u00e9questre \u00e0 Pfaffenhoffen : baby poney, poney club, cours comp\u00e9tition, galop 1 \u00e0 9, cours d&#039;\u00e9quitation priv\u00e9s,\" \/>\n<meta name=\"robots\" content=\"index, follow, max-snippet:-1, max-image-preview:large, max-video-preview:-1\" \/>\n<link rel=\"canonical\" href=\"https:\/\/harasdumille.com\/\" \/>\n<meta property=\"og:locale\" content=\"fr_FR\" \/>\n<meta property=\"og:type\" content=\"article\" \/>\n<meta property=\"og:title\" content=\"Centre \u00c9questre et \u00e9cole d&#039;\u00e9quitation Haras du Mille \u00e0 Pfaffenhoffen\" \/>\n<meta property=\"og:description\" content=\"Haras du Mille votre centre \u00e9questre \u00e0 Pfaffenhoffen : baby poney, poney club, cours comp\u00e9tition, galop 1 \u00e0 9, cours d&#039;\u00e9quitation priv\u00e9s,\" \/>\n<meta property=\"og:url\" content=\"https:\/\/harasdumille.com\/\" \/>\n<meta property=\"og:site_name\" content=\"Haras du Mille Centre \u00e9questre\" \/>\n<meta property=\"article:modified_time\" content=\"2024-09-11T13:18:42+00:00\" \/>\n<meta name=\"twitter:card\" content=\"summary_large_image\" \/>\n<meta name=\"twitter:label1\" content=\"Dur\u00e9e de lecture est.\" \/>\n\t<meta name=\"twitter:data1\" content=\"2 minutes\" \/>\n<script type=\"application\/ld+json\" class=\"yoast-schema-graph\">{\"@context\":\"https:\/\/schema.org\",\"@graph\":[{\"@type\":\"WebSite\",\"@id\":\"https:\/\/harasdumille.com\/#website\",\"url\":\"https:\/\/harasdumille.com\/\",\"name\":\"Haras du Mille Centre \\u00e9questre\",\"description\":\"\",\"potentialAction\":[{\"@type\":\"SearchAction\",\"target\":{\"@type\":\"EntryPoint\",\"urlTemplate\":\"https:\/\/harasdumille.com\/?s={search_term_string}\"},\"query-input\":\"required name=search_term_string\"}],\"inLanguage\":\"fr-FR\"},{\"@type\":\"WebPage\",\"@id\":\"https:\/\/harasdumille.com\/#webpage\",\"url\":\"https:\/\/harasdumille.com\/\",\"name\":\"Centre \\u00c9questre et \\u00e9cole d'\\u00e9quitation Haras du Mille \\u00e0 Pfaffenhoffen\",\"isPartOf\":{\"@id\":\"https:\/\/harasdumille.com\/#website\"},\"datePublished\":\"2018-09-05T13:15:12+00:00\",\"dateModified\":\"2024-09-11T13:18:42+00:00\",\"description\":\"Haras du Mille votre centre \\u00e9questre \\u00e0 Pfaffenhoffen : baby poney, poney club, cours comp\\u00e9tition, galop 1 \\u00e0 9, cours d'\\u00e9quitation priv\\u00e9s,\",\"breadcrumb\":{\"@id\":\"https:\/\/harasdumille.com\/#breadcrumb\"},\"inLanguage\":\"fr-FR\",\"potentialAction\":[{\"@type\":\"ReadAction\",\"target\":[\"https:\/\/harasdumille.com\/\"]}]},{\"@type\":\"BreadcrumbList\",\"@id\":\"https:\/\/harasdumille.com\/#breadcrumb\",\"itemListElement\":[{\"@type\":\"ListItem\",\"position\":1,\"name\":\"Accueil\",\"item\":\"https:\/\/harasdumille.com\/\"},{\"@type\":\"ListItem\",\"position\":2,\"name\":\"Haras du Mille : Votre centre \\u00e9questre et \\u00e9curie de propri\\u00e9taires \\u00e0 Pfaffenhoffen\"}]}]}<\/script>\n<!-- \/ Yoast SEO plugin. -->","yoast_head_json":{"title":"Centre \u00c9questre et \u00e9cole d'\u00e9quitation Haras du Mille \u00e0 Pfaffenhoffen","description":"Haras du Mille votre centre \u00e9questre \u00e0 Pfaffenhoffen : baby poney, poney club, cours comp\u00e9tition, galop 1 \u00e0 9, cours d'\u00e9quitation priv\u00e9s,","robots":{"index":"index","follow":"follow","max-snippet":"max-snippet:-1","max-image-preview":"max-image-preview:large","max-video-preview":"max-video-preview:-1"},"canonical":"https:\/\/harasdumille.com\/","og_locale":"fr_FR","og_type":"article","og_title":"Centre \u00c9questre et \u00e9cole d'\u00e9quitation Haras du Mille \u00e0 Pfaffenhoffen","og_description":"Haras du Mille votre centre \u00e9questre \u00e0 Pfaffenhoffen : baby poney, poney club, cours comp\u00e9tition, galop 1 \u00e0 9, cours d'\u00e9quitation priv\u00e9s,","og_url":"https:\/\/harasdumille.com\/","og_site_name":"Haras du Mille Centre \u00e9questre","article_modified_time":"2024-09-11T13:18:42+00:00","twitter_card":"summary_large_image","twitter_misc":{"Dur\u00e9e de lecture est.":"2 minutes"},"schema":{"@context":"https:\/\/schema.org","@graph":[{"@type":"WebSite","@id":"https:\/\/harasdumille.com\/#website","url":"https:\/\/harasdumille.com\/","name":"Haras du Mille Centre \u00e9questre","description":"","potentialAction":[{"@type":"SearchAction","target":{"@type":"EntryPoint","urlTemplate":"https:\/\/harasdumille.com\/?s={search_term_string}"},"query-input":"required name=search_term_string"}],"inLanguage":"fr-FR"},{"@type":"WebPage","@id":"https:\/\/harasdumille.com\/#webpage","url":"https:\/\/harasdumille.com\/","name":"Centre \u00c9questre et \u00e9cole d'\u00e9quitation Haras du Mille \u00e0 Pfaffenhoffen","isPartOf":{"@id":"https:\/\/harasdumille.com\/#website"},"datePublished":"2018-09-05T13:15:12+00:00","dateModified":"2024-09-11T13:18:42+00:00","description":"Haras du Mille votre centre \u00e9questre \u00e0 Pfaffenhoffen : baby poney, poney club, cours comp\u00e9tition, galop 1 \u00e0 9, cours d'\u00e9quitation priv\u00e9s,","breadcrumb":{"@id":"https:\/\/harasdumille.com\/#breadcrumb"},"inLanguage":"fr-FR","potentialAction":[{"@type":"ReadAction","target":["https:\/\/harasdumille.com\/"]}]},{"@type":"BreadcrumbList","@id":"https:\/\/harasdumille.com\/#breadcrumb","itemListElement":[{"@type":"ListItem","position":1,"name":"Accueil","item":"https:\/\/harasdumille.com\/"},{"@type":"ListItem","position":2,"name":"Haras du Mille : Votre centre \u00e9questre et \u00e9curie de propri\u00e9taires \u00e0 Pfaffenhoffen"}]}]}},"_links":{"self":[{"href":"https:\/\/harasdumille.com\/index.php\/wp-json\/wp\/v2\/pages\/60"}],"collection":[{"href":"https:\/\/harasdumille.com\/index.php\/wp-json\/wp\/v2\/pages"}],"about":[{"href":"https:\/\/harasdumille.com\/index.php\/wp-json\/wp\/v2\/types\/page"}],"author":[{"embeddable":true,"href":"https:\/\/harasdumille.com\/index.php\/wp-json\/wp\/v2\/users\/1"}],"replies":[{"embeddable":true,"href":"https:\/\/harasdumille.com\/index.php\/wp-json\/wp\/v2\/comments?post=60"}],"version-history":[{"count":23,"href":"https:\/\/harasdumille.com\/index.php\/wp-json\/wp\/v2\/pages\/60\/revisions"}],"predecessor-version":[{"id":777,"href":"https:\/\/harasdumille.com\/index.php\/wp-json\/wp\/v2\/pages\/60\/revisions\/777"}],"wp:attachment":[{"href":"https:\/\/harasdumille.com\/index.php\/wp-json\/wp\/v2\/media?parent=60"}],"curies":[{"name":"wp","href":"https:\/\/api.w.org\/{rel}","templated":true}]}}